{"id":112,"date":"2019-09-10T18:34:05","date_gmt":"2019-09-10T18:34:05","guid":{"rendered":"http:\/\/www.uvelix.cz\/?page_id=112"},"modified":"2026-01-25T17:09:35","modified_gmt":"2026-01-25T17:09:35","slug":"kontakt","status":"publish","type":"page","link":"https:\/\/www.uvelix.cz\/index.php\/kontakt\/","title":{"rendered":"Kontakt"},"content":{"rendered":"<p>[et_pb_section fb_built=&#8220;1&#8243; _builder_version=&#8220;4.27.4&#8243; _module_preset=&#8220;default&#8220; use_background_color_gradient=&#8220;on&#8220; background_color_gradient_type=&#8220;elliptical&#8220; background_color_gradient_stops=&#8220;#36565f 1vmax|#e2f0f0 100vmax&#8220; background_color_gradient_unit=&#8220;vmax&#8220; custom_padding=&#8220;0px||0px||true|&#8220; global_colors_info=&#8220;{}&#8220;][et_pb_row _builder_version=&#8220;4.27.4&#8243; _module_preset=&#8220;default&#8220; custom_padding=&#8220;23px|||||&#8220; global_colors_info=&#8220;{}&#8220;][et_pb_column type=&#8220;4_4&#8243; _builder_version=&#8220;4.27.4&#8243; _module_preset=&#8220;default&#8220; global_colors_info=&#8220;{}&#8220;][et_pb_menu menu_id=&#8220;5&#8243; menu_style=&#8220;centered&#8220; submenu_direction=&#8220;downwards&#8220; active_link_color=&#8220;#E2F0F0&#8243; dropdown_menu_bg_color=&#8220;#36565F&#8220; dropdown_menu_line_color=&#8220;#E2F0F0&#8243; dropdown_menu_text_color=&#8220;#F1F1F6&#8243; dropdown_menu_active_link_color=&#8220;#36565F&#8220; mobile_menu_bg_color=&#8220;#36565F&#8220; mobile_menu_text_color=&#8220;#F1F1F6&#8243; show_search_icon=&#8220;on&#8220; cart_icon_color=&#8220;#F1F1F6&#8243; search_icon_color=&#8220;#F1F1F6&#8243; menu_icon_color=&#8220;#F1F1F6&#8243; _builder_version=&#8220;4.27.4&#8243; _module_preset=&#8220;default&#8220; menu_font=&#8220;Montserrat|500||on|||||&#8220; menu_text_color=&#8220;#F1F1F6&#8243; menu_font_size=&#8220;12px&#8220; menu_letter_spacing=&#8220;1px&#8220; background_color=&#8220;RGBA(255,255,255,0)&#8220; background_layout=&#8220;dark&#8220; module_alignment=&#8220;left&#8220; custom_margin=&#8220;1px||1px|||&#8220; custom_padding=&#8220;2px||19px|||&#8220; border_width_bottom=&#8220;1px&#8220; border_color_bottom=&#8220;#F1F1F6&#8243; locked=&#8220;off&#8220; global_colors_info=&#8220;{}&#8220; active_link_color__hover=&#8220;#B8D4EF&#8220; active_link_color__hover_enabled=&#8220;off|desktop&#8220; logo_width__sticky=&#8220;0%&#8220; logo_width__sticky_enabled=&#8220;on|sticky&#8220; search_icon_color__hover=&#8220;#36565F&#8220; search_icon_color__hover_enabled=&#8220;on|desktop&#8220; menu_text_color__hover=&#8220;#36565F&#8220; menu_text_color__hover_enabled=&#8220;on|hover&#8220;][\/et_pb_menu][\/et_pb_column][\/et_pb_row][\/et_pb_section][et_pb_section fb_built=&#8220;1&#8243; _builder_version=&#8220;4.27.4&#8243; background_color=&#8220;RGBA(255,255,255,0)&#8220; min_height=&#8220;417.6px&#8220; custom_margin=&#8220;1px|||||&#8220; custom_padding=&#8220;31px||31px||true|&#8220; global_colors_info=&#8220;{}&#8220;][et_pb_row column_structure=&#8220;1_2,1_2&#8243; _builder_version=&#8220;4.27.4&#8243; module_alignment=&#8220;center&#8220; custom_margin=&#8220;1px|178px|-17px|178px||false&#8220; custom_padding=&#8220;8px|||||&#8220; global_colors_info=&#8220;{}&#8220;][et_pb_column type=&#8220;1_2&#8243; _builder_version=&#8220;4.16&#8243; custom_padding=&#8220;|||&#8220; global_colors_info=&#8220;{}&#8220; custom_padding__hover=&#8220;|||&#8220;][et_pb_contact_form success_message=&#8220;Odesl\u00e1no&#8220; submit_button_text=&#8220;Odeslat&#8220; module_id=&#8220;et_pb_contact_form_0&#8243; _builder_version=&#8220;4.27.4&#8243; _unique_id=&#8220;e3f121f7-4700-4390-8446-c3a72afb6695&#8243; form_field_background_color=&#8220;RGBA(255,255,255,0)&#8220; title_font=&#8220;Montserrat|300||on|||||&#8220; title_text_color=&#8220;#000000&#8243; title_letter_spacing=&#8220;1px&#8220; form_field_font=&#8220;Montserrat||||||||&#8220; custom_button=&#8220;on&#8220; button_text_size=&#8220;15px&#8220; button_text_color=&#8220;#5F8190&#8243; button_bg_color=&#8220;RGBA(255,255,255,0)&#8220; button_border_width=&#8220;1px&#8220; button_border_color=&#8220;#b9bcbf&#8220; button_border_radius=&#8220;100px&#8220; button_letter_spacing=&#8220;0px&#8220; button_font=&#8220;Montserrat|||on|||||&#8220; custom_margin=&#8220;||30px|||&#8220; custom_padding=&#8220;50px|0px||||&#8220; border_width_bottom=&#8220;1px&#8220; border_color_bottom=&#8220;#E4E7EB&#8220; form_background_color=&#8220;#ffffff&#8220; global_colors_info=&#8220;{}&#8220;][et_pb_contact_field field_id=&#8220;Name&#8220; field_title=&#8220;Jm\u00e9no&#8220; _builder_version=&#8220;4.16&#8243; global_colors_info=&#8220;{}&#8220; button_text_size__hover_enabled=&#8220;off&#8220; button_one_text_size__hover_enabled=&#8220;off&#8220; button_two_text_size__hover_enabled=&#8220;off&#8220; button_text_color__hover_enabled=&#8220;off&#8220; button_one_text_color__hover_enabled=&#8220;off&#8220; button_two_text_color__hover_enabled=&#8220;off&#8220; button_border_width__hover_enabled=&#8220;off&#8220; button_one_border_width__hover_enabled=&#8220;off&#8220; button_two_border_width__hover_enabled=&#8220;off&#8220; button_border_color__hover_enabled=&#8220;off&#8220; button_one_border_color__hover_enabled=&#8220;off&#8220; button_two_border_color__hover_enabled=&#8220;off&#8220; button_border_radius__hover_enabled=&#8220;off&#8220; button_one_border_radius__hover_enabled=&#8220;off&#8220; button_two_border_radius__hover_enabled=&#8220;off&#8220; button_letter_spacing__hover_enabled=&#8220;off&#8220; button_one_letter_spacing__hover_enabled=&#8220;off&#8220; button_two_letter_spacing__hover_enabled=&#8220;off&#8220; button_bg_color__hover_enabled=&#8220;off&#8220; button_one_bg_color__hover_enabled=&#8220;off&#8220; button_two_bg_color__hover_enabled=&#8220;off&#8220;][\/et_pb_contact_field][et_pb_contact_field field_id=&#8220;Email&#8220; field_title=&#8220;E-mailov\u00e1 adresa&#8220; field_type=&#8220;email&#8220; _builder_version=&#8220;4.16&#8243; global_colors_info=&#8220;{}&#8220; button_text_size__hover_enabled=&#8220;off&#8220; button_one_text_size__hover_enabled=&#8220;off&#8220; button_two_text_size__hover_enabled=&#8220;off&#8220; button_text_color__hover_enabled=&#8220;off&#8220; button_one_text_color__hover_enabled=&#8220;off&#8220; button_two_text_color__hover_enabled=&#8220;off&#8220; button_border_width__hover_enabled=&#8220;off&#8220; button_one_border_width__hover_enabled=&#8220;off&#8220; button_two_border_width__hover_enabled=&#8220;off&#8220; button_border_color__hover_enabled=&#8220;off&#8220; button_one_border_color__hover_enabled=&#8220;off&#8220; button_two_border_color__hover_enabled=&#8220;off&#8220; button_border_radius__hover_enabled=&#8220;off&#8220; button_one_border_radius__hover_enabled=&#8220;off&#8220; button_two_border_radius__hover_enabled=&#8220;off&#8220; button_letter_spacing__hover_enabled=&#8220;off&#8220; button_one_letter_spacing__hover_enabled=&#8220;off&#8220; button_two_letter_spacing__hover_enabled=&#8220;off&#8220; button_bg_color__hover_enabled=&#8220;off&#8220; button_one_bg_color__hover_enabled=&#8220;off&#8220; button_two_bg_color__hover_enabled=&#8220;off&#8220;][\/et_pb_contact_field][et_pb_contact_field field_id=&#8220;Message&#8220; field_title=&#8220;Zpr\u00e1va&#8220; field_type=&#8220;text&#8220; fullwidth_field=&#8220;on&#8220; _builder_version=&#8220;4.16&#8243; global_colors_info=&#8220;{}&#8220; button_text_size__hover_enabled=&#8220;off&#8220; button_one_text_size__hover_enabled=&#8220;off&#8220; button_two_text_size__hover_enabled=&#8220;off&#8220; button_text_color__hover_enabled=&#8220;off&#8220; button_one_text_color__hover_enabled=&#8220;off&#8220; button_two_text_color__hover_enabled=&#8220;off&#8220; button_border_width__hover_enabled=&#8220;off&#8220; button_one_border_width__hover_enabled=&#8220;off&#8220; button_two_border_width__hover_enabled=&#8220;off&#8220; button_border_color__hover_enabled=&#8220;off&#8220; button_one_border_color__hover_enabled=&#8220;off&#8220; button_two_border_color__hover_enabled=&#8220;off&#8220; button_border_radius__hover_enabled=&#8220;off&#8220; button_one_border_radius__hover_enabled=&#8220;off&#8220; button_two_border_radius__hover_enabled=&#8220;off&#8220; button_letter_spacing__hover_enabled=&#8220;off&#8220; button_one_letter_spacing__hover_enabled=&#8220;off&#8220; button_two_letter_spacing__hover_enabled=&#8220;off&#8220; button_bg_color__hover_enabled=&#8220;off&#8220; button_one_bg_color__hover_enabled=&#8220;off&#8220; button_two_bg_color__hover_enabled=&#8220;off&#8220;][\/et_pb_contact_field][et_pb_contact_field field_id=&#8220;Privacy&#8220; field_title=&#8220; &#8220; field_type=&#8220;checkbox&#8220; checkbox_options=&#8220;%91{%22value%22:%22Souhlas\u00edm s podm\u00ednkami ochrany %22,%22checked%22:0,%22dragID%22:-1,%22link_url%22:%22https:\/\/www.uvelix.cz\/zasady-ochrany-osobnich-udaju\/%22,%22link_text%22:%22osobn\u00edch \u00fadaj\u016f%22}%93&#8243; fullwidth_field=&#8220;on&#8220; _builder_version=&#8220;4.27.4&#8243; _module_preset=&#8220;default&#8220; border_width_all=&#8220;1px&#8220; border_color_all=&#8220;#E4E7EB&#8220; global_colors_info=&#8220;{}&#8220;][\/et_pb_contact_field][\/et_pb_contact_form][\/et_pb_column][et_pb_column type=&#8220;1_2&#8243; _builder_version=&#8220;4.16&#8243; custom_padding=&#8220;|||&#8220; global_colors_info=&#8220;{}&#8220; custom_padding__hover=&#8220;|||&#8220;][et_pb_icon font_icon=&#8220;&#xf015;||fa||900&#8243; icon_color=&#8220;#E2F0F0&#8243; icon_width=&#8220;52px&#8220; _builder_version=&#8220;4.27.4&#8243; _module_preset=&#8220;default&#8220; custom_margin=&#8220;-2px|-3px|7px|||&#8220; custom_padding=&#8220;4px|1px|3px|0px||false&#8220; border_color_bottom=&#8220;RGBA(255,255,255,0)&#8220; global_colors_info=&#8220;{}&#8220;][\/et_pb_icon][et_pb_text _builder_version=&#8220;4.27.4&#8243; _module_preset=&#8220;default&#8220; text_font=&#8220;Montserrat|300||on|||||&#8220; text_text_color=&#8220;#141414&#8243; text_font_size=&#8220;30px&#8220; text_line_height=&#8220;1.8em&#8220; header_text_color=&#8220;#141414&#8243; module_alignment=&#8220;center&#8220; custom_margin=&#8220;||||false|false&#8220; custom_padding=&#8220;||||false|false&#8220; border_width_bottom=&#8220;1px&#8220; border_color_bottom=&#8220;#E4E7EB&#8220; global_colors_info=&#8220;{}&#8220;]<\/p>\n<p style=\"text-align: center;\">Kontaktujte n\u00e1s<\/p>\n<p>[\/et_pb_text][et_pb_text _builder_version=&#8220;4.27.4&#8243; text_font=&#8220;Montserrat|300|||||||&#8220; text_text_color=&#8220;#141414&#8243; header_font=&#8220;||||||||&#8220; header_2_font=&#8220;||||||||&#8220; header_2_font_size=&#8220;31px&#8220; header_3_font=&#8220;||||||||&#8220; module_alignment=&#8220;center&#8220; custom_margin=&#8220;9px|17px||||&#8220; custom_padding=&#8220;6px|26px||8px||&#8220; border_color_all=&#8220;#F2F0E8&#8243; global_colors_info=&#8220;{}&#8220;]<\/p>\n<p class=\"p1\"><strong><span class=\"s1\">Uvelix Trade s.r.o.<\/span><\/strong><\/p>\n<p class=\"p1\"><em><span class=\"s1\">B2B partner pro estetick\u00e9 kliniky a odborn\u00e1 pracovi\u0161t\u011b.<\/span><\/em><\/p>\n<p class=\"p1\"><span class=\"s1\">H\u00e1jkova 1682\/1, 130 00 Praha 3<\/span><\/p>\n<p class=\"p2\"><span class=\"s1\">I\u010c: 07492626<\/span><\/p>\n<p class=\"p2\"><span class=\"s1\">DI\u010c: CZ07492626<\/span><\/p>\n<p class=\"p3\"><span class=\"s1\">tel.: +420 776 435 355<\/span><\/p>\n<p class=\"p4\"><span class=\"s1\"><a href=\"https:\/\/www.uvelix.cz\">www.uvelix.cz<\/a><\/span><span class=\"s1\"><\/span><\/p>\n<p>[\/et_pb_text][\/et_pb_column][\/et_pb_row][\/et_pb_section][et_pb_section fb_built=&#8220;1&#8243; _builder_version=&#8220;4.27.4&#8243; _module_preset=&#8220;default&#8220; use_background_color_gradient=&#8220;on&#8220; background_color_gradient_direction=&#8220;1deg&#8220; background_color_gradient_stops=&#8220;#141a1e 1%|#36565f 50%|#e2f0f0 100%&#8220; custom_margin=&#8220;2px||-1px||false|&#8220; custom_padding=&#8220;2px||62px|||&#8220; global_colors_info=&#8220;{}&#8220;][et_pb_row _builder_version=&#8220;4.27.4&#8243; _module_preset=&#8220;default&#8220; module_alignment=&#8220;center&#8220; custom_margin=&#8220;|auto||72px||&#8220; custom_padding=&#8220;74px|||0px||&#8220; global_colors_info=&#8220;{}&#8220;][et_pb_column type=&#8220;4_4&#8243; _builder_version=&#8220;4.27.4&#8243; _module_preset=&#8220;default&#8220; global_colors_info=&#8220;{}&#8220;][et_pb_text _builder_version=&#8220;4.27.4&#8243; _module_preset=&#8220;default&#8220; text_font=&#8220;Montserrat|700||on|||||&#8220; text_text_color=&#8220;#FFFFFF&#8220; text_font_size=&#8220;40px&#8220; text_letter_spacing=&#8220;1px&#8220; text_line_height=&#8220;1.8em&#8220; custom_margin=&#8220;||3px|4px||&#8220; custom_padding=&#8220;||11px|||&#8220; border_width_bottom=&#8220;1px&#8220; border_color_bottom=&#8220;#E2F0F0&#8243; global_colors_info=&#8220;{}&#8220;]<\/p>\n<p>Kde n\u00e1s najdete ?<\/p>\n<p>[\/et_pb_text][et_pb_text _builder_version=&#8220;4.27.4&#8243; _module_preset=&#8220;default&#8220; text_font=&#8220;Montserrat|300|on||||||&#8220; text_text_color=&#8220;#FFFFFF&#8220; custom_margin=&#8220;|||4px||&#8220; custom_padding=&#8220;5px||16px|2px||&#8220; global_colors_info=&#8220;{}&#8220;]<\/p>\n<p>Osobn\u00ed sch\u016fzky po p\u0159edchoz\u00ed domluv\u011b.<\/p>\n<p>[\/et_pb_text][\/et_pb_column][\/et_pb_row][et_pb_row _builder_version=&#8220;4.27.4&#8243; _module_preset=&#8220;default&#8220; width=&#8220;90%&#8220; max_width=&#8220;1600px&#8220; custom_padding=&#8220;0px|||||&#8220; global_colors_info=&#8220;{}&#8220;][et_pb_column type=&#8220;4_4&#8243; _builder_version=&#8220;4.27.4&#8243; _module_preset=&#8220;default&#8220; global_colors_info=&#8220;{}&#8220;][et_pb_code _builder_version=&#8220;4.27.4&#8243; _module_preset=&#8220;default&#8220; filter_saturate=&#8220;11%&#8220; box_shadow_style=&#8220;preset3&#8243; box_shadow_color=&#8220;rgba(228,231,235,0.82)&#8220; global_colors_info=&#8220;{}&#8220; filter_saturate__hover_enabled=&#8220;on|hover&#8220; filter_saturate__hover=&#8220;100%&#8220; box_shadow_blur__hover_enabled=&#8220;on|hover&#8220; box_shadow_blur__hover=&#8220;80px&#8220;]<iframe src=\"https:\/\/www.google.com\/maps\/embed?pb=!1m18!1m12!1m3!1d2559.909207990306!2d14.46307561160938!3d50.08798671327773!2m3!1f0!2f0!3f0!3m2!1i1024!2i768!4f13.1!3m3!1m2!1s0x470b935e6710b6fb%3A0xf56111861fc04bfc!2zSMOhamtvdmEgMTY4Mi8xLCAxMzAgMDAgUHJhaGEgMy3FvWnFvmtvdg!5e0!3m2!1scs!2scz!4v1765547992382!5m2!1scs!2scz\" width=\"100%\" height=\"450\" style=\"border:0;\" allowfullscreen=\"\" loading=\"lazy\" referrerpolicy=\"no-referrer-when-downgrade\"><\/iframe>[\/et_pb_code][\/et_pb_column][\/et_pb_row][\/et_pb_section]<\/p>\n","protected":false},"excerpt":{"rendered":"<p>Kontaktujte n\u00e1sUvelix Trade s.r.o. B2B partner pro estetick\u00e9 kliniky a odborn\u00e1 pracovi\u0161t\u011b. H\u00e1jkova 1682\/1, 130 00 Praha 3 I\u010c: 07492626 DI\u010c: CZ07492626 tel.: +420 776 435 355 www.uvelix.czKde n\u00e1s najdete ?Osobn\u00ed sch\u016fzky po p\u0159edchoz\u00ed domluv\u011b.<\/p>\n","protected":false},"author":1,"featured_media":74,"parent":0,"menu_order":0,"comment_status":"closed","ping_status":"closed","template":"","meta":{"_et_pb_use_builder":"on","_et_pb_old_content":"","_et_gb_content_width":"","footnotes":""},"class_list":["post-112","page","type-page","status-publish","has-post-thumbnail","hentry"],"_links":{"self":[{"href":"https:\/\/www.uvelix.cz\/index.php\/wp-json\/wp\/v2\/pages\/112","targetHints":{"allow":["GET"]}}],"collection":[{"href":"https:\/\/www.uvelix.cz\/index.php\/wp-json\/wp\/v2\/pages"}],"about":[{"href":"https:\/\/www.uvelix.cz\/index.php\/wp-json\/wp\/v2\/types\/page"}],"author":[{"embeddable":true,"href":"https:\/\/www.uvelix.cz\/index.php\/wp-json\/wp\/v2\/users\/1"}],"replies":[{"embeddable":true,"href":"https:\/\/www.uvelix.cz\/index.php\/wp-json\/wp\/v2\/comments?post=112"}],"version-history":[{"count":57,"href":"https:\/\/www.uvelix.cz\/index.php\/wp-json\/wp\/v2\/pages\/112\/revisions"}],"predecessor-version":[{"id":1623,"href":"https:\/\/www.uvelix.cz\/index.php\/wp-json\/wp\/v2\/pages\/112\/revisions\/1623"}],"wp:featuredmedia":[{"embeddable":true,"href":"https:\/\/www.uvelix.cz\/index.php\/wp-json\/wp\/v2\/media\/74"}],"wp:attachment":[{"href":"https:\/\/www.uvelix.cz\/index.php\/wp-json\/wp\/v2\/media?parent=112"}],"curies":[{"name":"wp","href":"https:\/\/api.w.org\/{rel}","templated":true}]}}