{"id":168,"date":"2025-12-03T12:06:18","date_gmt":"2025-12-03T12:06:18","guid":{"rendered":"https:\/\/www.uvelix.cz\/?page_id=168"},"modified":"2026-02-03T12:31:24","modified_gmt":"2026-02-03T12:31:24","slug":"o-nas","status":"publish","type":"page","link":"https:\/\/www.uvelix.cz\/index.php\/o-nas\/","title":{"rendered":"O n\u00e1s"},"content":{"rendered":"<p>[et_pb_section fb_built=&#8220;1&#8243; _builder_version=&#8220;4.27.4&#8243; _module_preset=&#8220;default&#8220; use_background_color_gradient=&#8220;on&#8220; background_color_gradient_type=&#8220;elliptical&#8220; background_color_gradient_stops=&#8220;#36565f 1vmax|#e2f0f0 100vmax&#8220; background_color_gradient_unit=&#8220;vmax&#8220; custom_padding=&#8220;0px||0px||true|&#8220; locked=&#8220;off&#8220; global_colors_info=&#8220;{}&#8220;][et_pb_row _builder_version=&#8220;4.27.4&#8243; _module_preset=&#8220;default&#8220; custom_padding=&#8220;23px|||||&#8220; global_colors_info=&#8220;{}&#8220;][et_pb_column type=&#8220;4_4&#8243; _builder_version=&#8220;4.27.4&#8243; _module_preset=&#8220;default&#8220; global_colors_info=&#8220;{}&#8220;][et_pb_menu menu_id=&#8220;5&#8243; menu_style=&#8220;centered&#8220; submenu_direction=&#8220;downwards&#8220; active_link_color=&#8220;#E2F0F0&#8243; dropdown_menu_bg_color=&#8220;#36565F&#8220; dropdown_menu_line_color=&#8220;#E2F0F0&#8243; dropdown_menu_text_color=&#8220;#F1F1F6&#8243; dropdown_menu_active_link_color=&#8220;#36565F&#8220; mobile_menu_bg_color=&#8220;#36565F&#8220; mobile_menu_text_color=&#8220;#F1F1F6&#8243; show_search_icon=&#8220;on&#8220; cart_icon_color=&#8220;#F1F1F6&#8243; search_icon_color=&#8220;#F1F1F6&#8243; menu_icon_color=&#8220;#F1F1F6&#8243; _builder_version=&#8220;4.27.4&#8243; _module_preset=&#8220;default&#8220; menu_font=&#8220;Montserrat|500||on|||||&#8220; menu_text_color=&#8220;#F1F1F6&#8243; menu_font_size=&#8220;12px&#8220; menu_letter_spacing=&#8220;1px&#8220; background_color=&#8220;RGBA(255,255,255,0)&#8220; background_layout=&#8220;dark&#8220; module_alignment=&#8220;left&#8220; custom_margin=&#8220;1px||1px|||&#8220; custom_padding=&#8220;2px||19px|||&#8220; border_width_bottom=&#8220;1px&#8220; border_color_bottom=&#8220;#F1F1F6&#8243; locked=&#8220;off&#8220; global_colors_info=&#8220;{}&#8220; active_link_color__hover=&#8220;#B8D4EF&#8220; active_link_color__hover_enabled=&#8220;off|desktop&#8220; logo_width__sticky=&#8220;0%&#8220; logo_width__sticky_enabled=&#8220;on|sticky&#8220; search_icon_color__hover=&#8220;#36565F&#8220; search_icon_color__hover_enabled=&#8220;on|desktop&#8220; menu_text_color__hover=&#8220;#36565F&#8220; menu_text_color__hover_enabled=&#8220;on|hover&#8220;][\/et_pb_menu][\/et_pb_column][\/et_pb_row][\/et_pb_section][et_pb_section fb_built=&#8220;1&#8243; _builder_version=&#8220;4.27.4&#8243; _module_preset=&#8220;default&#8220; background_color=&#8220;#141A1E&#8220; custom_padding=&#8220;12px||12px||true|&#8220; global_colors_info=&#8220;{}&#8220;][et_pb_row _builder_version=&#8220;4.27.4&#8243; _module_preset=&#8220;default&#8220; custom_padding=&#8220;||||false|false&#8220; global_colors_info=&#8220;{}&#8220;][et_pb_column type=&#8220;4_4&#8243; _builder_version=&#8220;4.27.4&#8243; _module_preset=&#8220;default&#8220; global_colors_info=&#8220;{}&#8220;][et_pb_text _builder_version=&#8220;4.27.4&#8243; _module_preset=&#8220;default&#8220; text_font=&#8220;Montserrat|300||on|||||&#8220; text_text_color=&#8220;#F1F1F6&#8243; text_font_size=&#8220;40px&#8220; text_letter_spacing=&#8220;1px&#8220; text_line_height=&#8220;1.8em&#8220; custom_margin=&#8220;||||false|false&#8220; custom_padding=&#8220;|6px|0px||false|false&#8220; locked=&#8220;off&#8220; global_colors_info=&#8220;{}&#8220;]<\/p>\n<p style=\"text-align: left;\">O n\u00e1s<\/p>\n<p>[\/et_pb_text][et_pb_text _builder_version=&#8220;4.27.4&#8243; _module_preset=&#8220;default&#8220; text_font=&#8220;Montserrat|300|||||||&#8220; text_text_color=&#8220;#F1F1F6&#8243; width=&#8220;100%&#8220; custom_margin=&#8220;-10px|||2px||&#8220; custom_padding=&#8220;|0px||0px||&#8220; locked=&#8220;off&#8220; global_colors_info=&#8220;{}&#8220;]<\/p>\n<p>Uvelix je \u010desk\u00e1 B2B spole\u010dnost zam\u011b\u0159en\u00e1 na distribuci materi\u00e1l\u016f a technologi\u00ed pro aplikovanou estetickou medic\u00ednu a dermatologii. Spolupracujeme s l\u00e9ka\u0159i a klinick\u00fdmi pracovi\u0161ti v \u010cesk\u00e9 a Slovensk\u00e9 republice a poskytujeme jim odborn\u00e9 z\u00e1zem\u00ed pro bezpe\u010dnou a p\u0159edv\u00eddatelnou klinickou praxi.<\/p>\n<p>[\/et_pb_text][\/et_pb_column][\/et_pb_row][et_pb_row column_structure=&#8220;1_4,1_4,1_4,1_4&#8243; _builder_version=&#8220;4.27.4&#8243; _module_preset=&#8220;default&#8220; module_alignment=&#8220;center&#8220; custom_padding=&#8220;||||false|false&#8220; border_width_top=&#8220;1px&#8220; border_color_top=&#8220;rgba(54,86,95,0.23)&#8220; global_colors_info=&#8220;{}&#8220;][et_pb_column type=&#8220;1_4&#8243; _builder_version=&#8220;4.27.4&#8243; _module_preset=&#8220;default&#8220; global_colors_info=&#8220;{}&#8220;][et_pb_blurb title=&#8220;Odborn\u00e1 selekce portfolia&#8220; use_icon=&#8220;on&#8220; font_icon=&#8220;&#xf471;||fa||900&#8243; icon_color=&#8220;#E2F0F0&#8243; image_icon_background_color=&#8220;RGBA(255,255,255,0)&#8220; image_icon_width=&#8220;45px&#8220; _builder_version=&#8220;4.27.4&#8243; _module_preset=&#8220;default&#8220; header_font=&#8220;Montserrat|500||on|||||&#8220; header_text_align=&#8220;center&#8220; header_text_color=&#8220;#E2F0F0&#8243; header_font_size=&#8220;18px&#8220; header_letter_spacing=&#8220;1px&#8220; header_line_height=&#8220;1.1em&#8220; body_font=&#8220;Montserrat|300|||||||&#8220; body_text_align=&#8220;center&#8220; body_text_color=&#8220;#E2F0F0&#8243; body_font_size=&#8220;13px&#8220; transform_translate_linked=&#8220;off&#8220; text_orientation=&#8220;justified&#8220; module_alignment=&#8220;center&#8220; custom_margin=&#8220;||||false|false&#8220; custom_padding=&#8220;||||false|false&#8220; border_width_all=&#8220;18px&#8220; border_color_all=&#8220;RGBA(255,255,255,0)&#8220; box_shadow_style=&#8220;preset3&#8243; box_shadow_blur=&#8220;10px&#8220; box_shadow_spread=&#8220;-1px&#8220; box_shadow_color=&#8220;#5F8190&#8243; locked=&#8220;off&#8220; global_colors_info=&#8220;{}&#8220; box_shadow_blur__hover_enabled=&#8220;on|hover&#8220; box_shadow_blur__hover=&#8220;15px&#8220; box_shadow_color__hover_enabled=&#8220;on|hover&#8220; box_shadow_color__hover=&#8220;#5F8190&#8243; transform_styles__hover_enabled=&#8220;on|desktop&#8220; transform_scale__hover_enabled=&#8220;on|desktop&#8220; transform_translate__hover=&#8220;0px|-10px&#8220; transform_translate__hover_enabled=&#8220;on|desktop&#8220; transform_rotate__hover_enabled=&#8220;on|desktop&#8220; transform_skew__hover_enabled=&#8220;on|desktop&#8220; transform_origin__hover_enabled=&#8220;on|desktop&#8220;]<\/p>\n<p>Produkty vyb\u00edr\u00e1me na z\u00e1klad\u011b klinick\u00e9 praxe, indikac\u00ed a bezpe\u010dnosti.<\/p>\n<p>[\/et_pb_blurb][\/et_pb_column][et_pb_column type=&#8220;1_4&#8243; _builder_version=&#8220;4.27.4&#8243; _module_preset=&#8220;default&#8220; global_colors_info=&#8220;{}&#8220;][et_pb_blurb title=&#8220;Zam\u011b\u0159en\u00ed na kliniky&#8220; use_icon=&#8220;on&#8220; font_icon=&#8220;&#xf80d;||fa||900&#8243; icon_color=&#8220;#E2F0F0&#8243; image_icon_background_color=&#8220;RGBA(255,255,255,0)&#8220; image_icon_width=&#8220;45px&#8220; _builder_version=&#8220;4.27.4&#8243; _module_preset=&#8220;default&#8220; header_font=&#8220;Montserrat|500||on|||||&#8220; header_text_align=&#8220;center&#8220; header_text_color=&#8220;#E2F0F0&#8243; header_font_size=&#8220;18px&#8220; header_letter_spacing=&#8220;1px&#8220; header_line_height=&#8220;1.1em&#8220; body_font=&#8220;Montserrat|300|||||||&#8220; body_text_align=&#8220;center&#8220; body_text_color=&#8220;#E2F0F0&#8243; body_font_size=&#8220;13px&#8220; transform_translate_linked=&#8220;off&#8220; text_orientation=&#8220;justified&#8220; module_alignment=&#8220;center&#8220; custom_margin=&#8220;||||false|false&#8220; custom_padding=&#8220;||||false|false&#8220; border_width_all=&#8220;18px&#8220; border_color_all=&#8220;RGBA(255,255,255,0)&#8220; box_shadow_style=&#8220;preset3&#8243; box_shadow_blur=&#8220;10px&#8220; box_shadow_spread=&#8220;-1px&#8220; box_shadow_color=&#8220;#5F8190&#8243; locked=&#8220;off&#8220; global_colors_info=&#8220;{}&#8220; box_shadow_blur__hover_enabled=&#8220;on|hover&#8220; box_shadow_blur__hover=&#8220;15px&#8220; box_shadow_color__hover_enabled=&#8220;on|hover&#8220; box_shadow_color__hover=&#8220;#5F8190&#8243; transform_styles__hover_enabled=&#8220;on|desktop&#8220; transform_scale__hover_enabled=&#8220;on|desktop&#8220; transform_translate__hover_enabled=&#8220;on|desktop&#8220; transform_rotate__hover_enabled=&#8220;on|desktop&#8220; transform_skew__hover_enabled=&#8220;on|desktop&#8220; transform_origin__hover_enabled=&#8220;on|desktop&#8220; transform_translate__hover=&#8220;0px|-10px&#8220;]<\/p>\n<p data-start=\"880\" data-end=\"946\">Spolupracujeme v\u00fdhradn\u011b s l\u00e9ka\u0159i a odborn\u00edky v \u010cR a SR.<\/p>\n<p>[\/et_pb_blurb][\/et_pb_column][et_pb_column type=&#8220;1_4&#8243; _builder_version=&#8220;4.27.4&#8243; _module_preset=&#8220;default&#8220; global_colors_info=&#8220;{}&#8220;][et_pb_blurb title=&#8220;Dlouhodob\u00e1 spolupr\u00e1ce&#8220; use_icon=&#8220;on&#8220; font_icon=&#8220;&#xf2b5;||fa||900&#8243; icon_color=&#8220;#E2F0F0&#8243; image_icon_background_color=&#8220;RGBA(255,255,255,0)&#8220; image_icon_width=&#8220;45px&#8220; _builder_version=&#8220;4.27.4&#8243; _module_preset=&#8220;default&#8220; header_font=&#8220;Montserrat|500||on|||||&#8220; header_text_align=&#8220;center&#8220; header_text_color=&#8220;#E2F0F0&#8243; header_font_size=&#8220;18px&#8220; header_letter_spacing=&#8220;1px&#8220; header_line_height=&#8220;1.1em&#8220; body_font=&#8220;Montserrat|300|||||||&#8220; body_text_align=&#8220;center&#8220; body_text_color=&#8220;#E2F0F0&#8243; body_font_size=&#8220;13px&#8220; transform_translate_linked=&#8220;off&#8220; text_orientation=&#8220;justified&#8220; module_alignment=&#8220;center&#8220; custom_margin=&#8220;||||false|false&#8220; custom_padding=&#8220;||||false|false&#8220; border_width_all=&#8220;18px&#8220; border_color_all=&#8220;RGBA(255,255,255,0)&#8220; box_shadow_style=&#8220;preset3&#8243; box_shadow_blur=&#8220;10px&#8220; box_shadow_spread=&#8220;-1px&#8220; box_shadow_color=&#8220;#5F8190&#8243; locked=&#8220;off&#8220; global_colors_info=&#8220;{}&#8220; box_shadow_blur__hover_enabled=&#8220;on|hover&#8220; box_shadow_blur__hover=&#8220;15px&#8220; box_shadow_color__hover_enabled=&#8220;on|hover&#8220; box_shadow_color__hover=&#8220;#5F8190&#8243; transform_styles__hover_enabled=&#8220;on|desktop&#8220; transform_scale__hover_enabled=&#8220;on|desktop&#8220; transform_translate__hover=&#8220;0px|-10px&#8220; transform_translate__hover_enabled=&#8220;on|desktop&#8220; transform_rotate__hover_enabled=&#8220;on|desktop&#8220; transform_skew__hover_enabled=&#8220;on|desktop&#8220; transform_origin__hover_enabled=&#8220;on|desktop&#8220;]<\/p>\n<p>Stav\u00edme na stabiln\u00edch vztaz\u00edch a kontinuit\u011b v \u010dase.<\/p>\n<p>[\/et_pb_blurb][\/et_pb_column][et_pb_column type=&#8220;1_4&#8243; _builder_version=&#8220;4.27.4&#8243; _module_preset=&#8220;default&#8220; global_colors_info=&#8220;{}&#8220;][et_pb_blurb title=&#8220;Odborn\u00e1 podpora a \u0161kolen\u00ed&#8220; use_icon=&#8220;on&#8220; font_icon=&#8220;&#xf19d;||fa||900&#8243; icon_color=&#8220;#E2F0F0&#8243; image_icon_background_color=&#8220;RGBA(255,255,255,0)&#8220; image_icon_width=&#8220;45px&#8220; _builder_version=&#8220;4.27.4&#8243; _module_preset=&#8220;default&#8220; header_font=&#8220;Montserrat|500||on|||||&#8220; header_text_align=&#8220;center&#8220; header_text_color=&#8220;#E2F0F0&#8243; header_font_size=&#8220;18px&#8220; header_letter_spacing=&#8220;1px&#8220; header_line_height=&#8220;1.1em&#8220; body_font=&#8220;Montserrat|300|||||||&#8220; body_text_align=&#8220;center&#8220; body_text_color=&#8220;#E2F0F0&#8243; body_font_size=&#8220;13px&#8220; transform_translate_linked=&#8220;off&#8220; text_orientation=&#8220;justified&#8220; module_alignment=&#8220;center&#8220; custom_margin=&#8220;||||false|false&#8220; custom_padding=&#8220;||||false|false&#8220; border_width_all=&#8220;18px&#8220; border_color_all=&#8220;RGBA(255,255,255,0)&#8220; box_shadow_style=&#8220;preset3&#8243; box_shadow_blur=&#8220;10px&#8220; box_shadow_spread=&#8220;-1px&#8220; box_shadow_color=&#8220;#5F8190&#8243; locked=&#8220;off&#8220; global_colors_info=&#8220;{}&#8220; box_shadow_blur__hover_enabled=&#8220;on|hover&#8220; box_shadow_blur__hover=&#8220;15px&#8220; box_shadow_color__hover_enabled=&#8220;on|hover&#8220; box_shadow_color__hover=&#8220;#5F8190&#8243; transform_styles__hover_enabled=&#8220;on|desktop&#8220; transform_scale__hover_enabled=&#8220;on|desktop&#8220; transform_translate__hover=&#8220;0px|-10px&#8220; transform_translate__hover_enabled=&#8220;on|desktop&#8220; transform_rotate__hover_enabled=&#8220;on|desktop&#8220; transform_skew__hover_enabled=&#8220;on|desktop&#8220; transform_origin__hover_enabled=&#8220;on|desktop&#8220;]<\/p>\n<p>Poskytujeme metodick\u00e9 veden\u00ed, aplika\u010dn\u00ed podporu a vzd\u011bl\u00e1v\u00e1n\u00ed.<\/p>\n<p>[\/et_pb_blurb][\/et_pb_column][\/et_pb_row][\/et_pb_section][et_pb_section fb_built=&#8220;1&#8243; _builder_version=&#8220;4.27.4&#8243; _module_preset=&#8220;default&#8220; background_image=&#8220;https:\/\/www.uvelix.cz\/wp-content\/uploads\/2026\/01\/pawel-czerwinski-prMn9KINLtI-unsplash-scaled-1.png&#8220; parallax=&#8220;on&#8220; min_height=&#8220;447.4px&#8220; custom_padding=&#8220;174px||174px||false|&#8220; global_colors_info=&#8220;{}&#8220;][et_pb_row _builder_version=&#8220;4.27.4&#8243; _module_preset=&#8220;default&#8220; module_alignment=&#8220;center&#8220; custom_margin=&#8220;|auto|-11px|auto||&#8220; custom_padding=&#8220;||4px|||&#8220; global_colors_info=&#8220;{}&#8220;][et_pb_column type=&#8220;4_4&#8243; _builder_version=&#8220;4.27.4&#8243; _module_preset=&#8220;default&#8220; global_colors_info=&#8220;{}&#8220;][et_pb_text _builder_version=&#8220;4.27.4&#8243; _module_preset=&#8220;default&#8220; text_font=&#8220;Montserrat|300|||||||&#8220; text_text_color=&#8220;rgba(241,241,246,0.72)&#8220; module_alignment=&#8220;center&#8220; custom_margin=&#8220;-35px||5px|||&#8220; custom_padding=&#8220;24px|||||&#8220; global_colors_info=&#8220;{}&#8220;]<\/p>\n<p data-start=\"2080\" data-end=\"2289\" style=\"text-align: center;\">Zakl\u00e1d\u00e1me si na individu\u00e1ln\u00edm a odborn\u00e9m p\u0159\u00edstupu. Na\u0161im partner\u016fm neposkytujeme pouze produkty, ale i metodick\u00e9 veden\u00ed, aplika\u010dn\u00ed podporu a odborn\u00e9 \u0161kolen\u00ed p\u0159i zav\u00e1d\u011bn\u00ed nov\u00fdch postup\u016f do klinick\u00e9 praxe. Sledujeme glob\u00e1ln\u00ed trendy v estetick\u00e9 medic\u00edn\u011b a p\u0159ev\u00e1d\u00edme je do re\u00e1ln\u011b vyu\u017eiteln\u00fdch \u0159e\u0161en\u00ed pro ka\u017edodenn\u00ed provoz klinik.<\/p>\n<p>[\/et_pb_text][\/et_pb_column][\/et_pb_row][\/et_pb_section][et_pb_section fb_built=&#8220;1&#8243; _builder_version=&#8220;4.27.4&#8243; _module_preset=&#8220;default&#8220; background_color=&#8220;#141A1E&#8220; custom_padding=&#8220;122px||122px||false|&#8220; global_colors_info=&#8220;{}&#8220;][et_pb_row column_structure=&#8220;1_2,1_2&#8243; _builder_version=&#8220;4.27.4&#8243; _module_preset=&#8220;default&#8220; module_alignment=&#8220;center&#8220; custom_margin=&#8220;||||false|false&#8220; custom_padding=&#8220;||||false|false&#8220; global_colors_info=&#8220;{}&#8220;][et_pb_column type=&#8220;1_2&#8243; _builder_version=&#8220;4.27.4&#8243; _module_preset=&#8220;default&#8220; global_colors_info=&#8220;{}&#8220;][et_pb_text _builder_version=&#8220;4.27.4&#8243; _module_preset=&#8220;default&#8220; text_font=&#8220;Montserrat|300|||||||&#8220; text_text_color=&#8220;#F1F1F6&#8243; header_font=&#8220;Montserrat||||||||&#8220; width=&#8220;100%&#8220; module_alignment=&#8220;left&#8220; custom_margin=&#8220;||||false|false&#8220; custom_padding=&#8220;||||false|false&#8220; global_colors_info=&#8220;{}&#8220;]<\/p>\n<p data-start=\"2578\" data-end=\"2760\" style=\"text-align: left;\">Na\u0161e portfolio tvo\u0159\u00ed certifikovan\u00e9 derm\u00e1ln\u00ed v\u00fdpln\u011b, liftingov\u00e9 nit\u011b, zdravotnick\u00e9 prost\u0159edky a technologick\u00e1 \u0159e\u0161en\u00ed od prov\u011b\u0159en\u00fdch v\u00fdrobc\u016f z Ji\u017en\u00ed Koreje, Evropy a Severn\u00ed Ameriky. Ka\u017ed\u00fd produkt vyb\u00edr\u00e1me s ohledem na bezpe\u010dnost, klinickou efektivitu a dlouhodobou stabilitu v\u00fdsledk\u016f.\u00a0<\/p>\n<p>[\/et_pb_text][\/et_pb_column][et_pb_column type=&#8220;1_2&#8243; _builder_version=&#8220;4.27.4&#8243; _module_preset=&#8220;default&#8220; global_colors_info=&#8220;{}&#8220;][et_pb_button button_url=&#8220;https:\/\/www.uvelix.cz\/index.php\/portfolio\/&#8220; button_text=&#8220;Na\u0161e zna\u010dky&#8220; button_alignment=&#8220;left&#8220; _builder_version=&#8220;4.27.4&#8243; _module_preset=&#8220;default&#8220; custom_button=&#8220;on&#8220; button_text_color=&#8220;#F1F1F6&#8243; button_bg_color=&#8220;RGBA(255,255,255,0)&#8220; button_border_width=&#8220;1px&#8220; button_border_color=&#8220;#F1F1F6&#8243; button_border_radius=&#8220;100px&#8220; button_letter_spacing=&#8220;0px&#8220; button_font=&#8220;Montserrat|300|||||||&#8220; button_icon_color=&#8220;#E2F0F0&#8243; custom_margin=&#8220;23px||||false|false&#8220; locked=&#8220;off&#8220; global_colors_info=&#8220;{}&#8220;][\/et_pb_button][\/et_pb_column][\/et_pb_row][\/et_pb_section][et_pb_section fb_built=&#8220;1&#8243; _builder_version=&#8220;4.27.4&#8243; _module_preset=&#8220;default&#8220; background_color=&#8220;RGBA(255,255,255,0)&#8220; background_image=&#8220;https:\/\/www.uvelix.cz\/wp-content\/uploads\/2026\/01\/Uvelix-pod-homepage-4-1-e1768833944760.png&#8220; module_alignment=&#8220;center&#8220; custom_padding=&#8220;182px||182px||false|&#8220; global_colors_info=&#8220;{}&#8220;][et_pb_row _builder_version=&#8220;4.27.4&#8243; _module_preset=&#8220;default&#8220; width=&#8220;100%&#8220; module_alignment=&#8220;right&#8220; custom_margin=&#8220;||||false|false&#8220; custom_padding=&#8220;|25px|||false|false&#8220; global_colors_info=&#8220;{}&#8220;][et_pb_column type=&#8220;4_4&#8243; _builder_version=&#8220;4.27.4&#8243; _module_preset=&#8220;default&#8220; global_colors_info=&#8220;{}&#8220;][et_pb_text _builder_version=&#8220;4.27.4&#8243; _module_preset=&#8220;default&#8220; text_font=&#8220;Montserrat|700||on|||||&#8220; text_text_color=&#8220;#F1F1F6&#8243; text_font_size=&#8220;24px&#8220; text_letter_spacing=&#8220;1px&#8220; text_line_height=&#8220;1.8em&#8220; width=&#8220;100%&#8220; module_alignment=&#8220;right&#8220; custom_margin=&#8220;11px||1px|||&#8220; custom_padding=&#8220;15px|0px|0px|10px||&#8220; text_text_shadow_style=&#8220;preset1&#8243; text_text_shadow_horizontal_length=&#8220;0.13em&#8220; text_text_shadow_blur_strength=&#8220;1.34em&#8220; text_text_shadow_color=&#8220;#36565F&#8220; locked=&#8220;off&#8220; global_colors_info=&#8220;{}&#8220;]<\/p>\n<p style=\"text-align: right;\"><em>\u201eNa\u0161\u00ed prioritou je odborn\u00fd p\u0159\u00edstup,<br \/>transparentn\u00ed komunikace <\/em><em>a dlouhodob\u00e1<br \/>spolupr\u00e1ce s klinick\u00fdmi partnery.\u201c<\/em><\/p>\n<p>[\/et_pb_text][\/et_pb_column][\/et_pb_row][\/et_pb_section][et_pb_section fb_built=&#8220;1&#8243; _builder_version=&#8220;4.27.4&#8243; _module_preset=&#8220;default&#8220; background_enable_color=&#8220;off&#8220; use_background_color_gradient=&#8220;on&#8220; background_color_gradient_stops=&#8220;#141414 0%|#36565f 100%&#8220; custom_padding=&#8220;83px||83px||false|&#8220; global_colors_info=&#8220;{}&#8220;][et_pb_row _builder_version=&#8220;4.27.4&#8243; _module_preset=&#8220;default&#8220; module_alignment=&#8220;left&#8220; custom_margin=&#8220;|auto|||false|false&#8220; custom_padding=&#8220;|||63px|false|false&#8220; global_colors_info=&#8220;{}&#8220;][et_pb_column type=&#8220;4_4&#8243; _builder_version=&#8220;4.27.4&#8243; _module_preset=&#8220;default&#8220; global_colors_info=&#8220;{}&#8220;][et_pb_text _builder_version=&#8220;4.27.4&#8243; _module_preset=&#8220;default&#8220; text_font=&#8220;Montserrat|600|||||||&#8220; text_text_color=&#8220;#F1F1F6&#8243; text_font_size=&#8220;27px&#8220; text_letter_spacing=&#8220;1px&#8220; text_line_height=&#8220;1.8em&#8220; custom_margin=&#8220;||||false|false&#8220; custom_padding=&#8220;|0px||||&#8220; global_colors_info=&#8220;{}&#8220;]<\/p>\n<p>Dlouhodob\u00e1 spolupr\u00e1ce je <em><strong>z\u00e1kladem<\/strong><\/em> odborn\u00e9ho r\u016fstu.<\/p>\n<p>[\/et_pb_text][et_pb_text _builder_version=&#8220;4.27.4&#8243; _module_preset=&#8220;default&#8220; text_font=&#8220;Montserrat|200||on|||||&#8220; text_text_color=&#8220;#F1F1F6&#8243; text_font_size=&#8220;18px&#8220; text_line_height=&#8220;1.8em&#8220; custom_margin=&#8220;||||false|false&#8220; locked=&#8220;off&#8220; global_colors_info=&#8220;{}&#8220;]<\/p>\n<p>Uvelix je partner, na kter\u00e9ho se m\u016f\u017eete spolehnout.<\/p>\n<p>[\/et_pb_text][et_pb_button button_url=&#8220;https:\/\/www.uvelix.cz\/index.php\/kontakt\/&#8220; button_text=&#8220;Kontakt&#8220; button_alignment=&#8220;left&#8220; _builder_version=&#8220;4.27.4&#8243; _module_preset=&#8220;default&#8220; custom_button=&#8220;on&#8220; button_text_color=&#8220;#F1F1F6&#8243; button_bg_color=&#8220;RGBA(255,255,255,0)&#8220; button_border_width=&#8220;1px&#8220; button_border_color=&#8220;#5F8190&#8243; button_border_radius=&#8220;100px&#8220; button_letter_spacing=&#8220;0px&#8220; button_font=&#8220;Montserrat|300|||||||&#8220; button_icon_color=&#8220;#F1F1F6&#8243; custom_margin=&#8220;||||false|false&#8220; global_colors_info=&#8220;{}&#8220;][\/et_pb_button][\/et_pb_column][\/et_pb_row][\/et_pb_section]<\/p>\n","protected":false},"excerpt":{"rendered":"<p>O n\u00e1sUvelix je \u010desk\u00e1 B2B spole\u010dnost zam\u011b\u0159en\u00e1 na distribuci materi\u00e1l\u016f a technologi\u00ed pro aplikovanou estetickou medic\u00ednu a dermatologii. Spolupracujeme s l\u00e9ka\u0159i a klinick\u00fdmi pracovi\u0161ti v \u010cesk\u00e9 a Slovensk\u00e9 republice a poskytujeme jim odborn\u00e9 z\u00e1zem\u00ed pro bezpe\u010dnou a p\u0159edv\u00eddatelnou klinickou praxi.Produkty vyb\u00edr\u00e1me na z\u00e1klad\u011b klinick\u00e9 praxe, indikac\u00ed a bezpe\u010dnosti.Spolupracujeme v\u00fdhradn\u011b s l\u00e9ka\u0159i a odborn\u00edky v \u010cR [&hellip;]<\/p>\n","protected":false},"author":1,"featured_media":0,"parent":0,"menu_order":0,"comment_status":"closed","ping_status":"closed","template":"","meta":{"_et_pb_use_builder":"on","_et_pb_old_content":"","_et_gb_content_width":"","footnotes":""},"class_list":["post-168","page","type-page","status-publish","hentry"],"_links":{"self":[{"href":"https:\/\/www.uvelix.cz\/index.php\/wp-json\/wp\/v2\/pages\/168","targetHints":{"allow":["GET"]}}],"collection":[{"href":"https:\/\/www.uvelix.cz\/index.php\/wp-json\/wp\/v2\/pages"}],"about":[{"href":"https:\/\/www.uvelix.cz\/index.php\/wp-json\/wp\/v2\/types\/page"}],"author":[{"embeddable":true,"href":"https:\/\/www.uvelix.cz\/index.php\/wp-json\/wp\/v2\/users\/1"}],"replies":[{"embeddable":true,"href":"https:\/\/www.uvelix.cz\/index.php\/wp-json\/wp\/v2\/comments?post=168"}],"version-history":[{"count":68,"href":"https:\/\/www.uvelix.cz\/index.php\/wp-json\/wp\/v2\/pages\/168\/revisions"}],"predecessor-version":[{"id":1815,"href":"https:\/\/www.uvelix.cz\/index.php\/wp-json\/wp\/v2\/pages\/168\/revisions\/1815"}],"wp:attachment":[{"href":"https:\/\/www.uvelix.cz\/index.php\/wp-json\/wp\/v2\/media?parent=168"}],"curies":[{"name":"wp","href":"https:\/\/api.w.org\/{rel}","templated":true}]}}