{"id":172,"date":"2025-12-03T12:07:51","date_gmt":"2025-12-03T12:07:51","guid":{"rendered":"https:\/\/www.uvelix.cz\/?page_id=172"},"modified":"2026-01-30T15:29:04","modified_gmt":"2026-01-30T15:29:04","slug":"odborna-skoleni","status":"publish","type":"page","link":"https:\/\/www.uvelix.cz\/index.php\/odborna-skoleni\/","title":{"rendered":"Odborn\u00e1 \u0161kolen\u00ed"},"content":{"rendered":"<p>[et_pb_section fb_built=&#8220;1&#8243; _builder_version=&#8220;4.27.4&#8243; _module_preset=&#8220;default&#8220; use_background_color_gradient=&#8220;on&#8220; background_color_gradient_type=&#8220;elliptical&#8220; background_color_gradient_stops=&#8220;#36565f 1vmax|#e2f0f0 100vmax&#8220; background_color_gradient_unit=&#8220;vmax&#8220; custom_padding=&#8220;0px||0px||true|&#8220; locked=&#8220;off&#8220; global_colors_info=&#8220;{}&#8220;][et_pb_row _builder_version=&#8220;4.27.4&#8243; _module_preset=&#8220;default&#8220; custom_padding=&#8220;23px|||||&#8220; global_colors_info=&#8220;{}&#8220;][et_pb_column type=&#8220;4_4&#8243; _builder_version=&#8220;4.27.4&#8243; _module_preset=&#8220;default&#8220; global_colors_info=&#8220;{}&#8220;][et_pb_menu menu_id=&#8220;5&#8243; menu_style=&#8220;centered&#8220; submenu_direction=&#8220;downwards&#8220; active_link_color=&#8220;#E2F0F0&#8243; dropdown_menu_bg_color=&#8220;#36565F&#8220; dropdown_menu_line_color=&#8220;#E2F0F0&#8243; dropdown_menu_text_color=&#8220;#F1F1F6&#8243; dropdown_menu_active_link_color=&#8220;#36565F&#8220; mobile_menu_bg_color=&#8220;#36565F&#8220; mobile_menu_text_color=&#8220;#F1F1F6&#8243; show_search_icon=&#8220;on&#8220; cart_icon_color=&#8220;#F1F1F6&#8243; search_icon_color=&#8220;#F1F1F6&#8243; menu_icon_color=&#8220;#F1F1F6&#8243; _builder_version=&#8220;4.27.4&#8243; _module_preset=&#8220;default&#8220; menu_font=&#8220;Montserrat|500||on|||||&#8220; menu_text_color=&#8220;#F1F1F6&#8243; menu_font_size=&#8220;12px&#8220; menu_letter_spacing=&#8220;1px&#8220; background_color=&#8220;RGBA(255,255,255,0)&#8220; background_layout=&#8220;dark&#8220; module_alignment=&#8220;left&#8220; custom_margin=&#8220;1px||1px|||&#8220; custom_padding=&#8220;2px||19px|||&#8220; border_width_bottom=&#8220;1px&#8220; border_color_bottom=&#8220;#F1F1F6&#8243; locked=&#8220;off&#8220; global_colors_info=&#8220;{}&#8220; active_link_color__hover=&#8220;#B8D4EF&#8220; active_link_color__hover_enabled=&#8220;off|desktop&#8220; logo_width__sticky=&#8220;0%&#8220; logo_width__sticky_enabled=&#8220;on|sticky&#8220; search_icon_color__hover=&#8220;#36565F&#8220; search_icon_color__hover_enabled=&#8220;on|desktop&#8220; menu_text_color__hover=&#8220;#36565F&#8220; menu_text_color__hover_enabled=&#8220;on|hover&#8220;][\/et_pb_menu][\/et_pb_column][\/et_pb_row][\/et_pb_section][et_pb_section fb_built=&#8220;1&#8243; _builder_version=&#8220;4.27.4&#8243; _module_preset=&#8220;default&#8220; background_color=&#8220;#141A1E&#8220; border_color_all=&#8220;RGBA(255,255,255,0)&#8220; global_colors_info=&#8220;{}&#8220;][et_pb_row _builder_version=&#8220;4.27.4&#8243; _module_preset=&#8220;default&#8220; global_colors_info=&#8220;{}&#8220;][et_pb_column type=&#8220;4_4&#8243; _builder_version=&#8220;4.27.4&#8243; _module_preset=&#8220;default&#8220; global_colors_info=&#8220;{}&#8220;][et_pb_text _builder_version=&#8220;4.27.4&#8243; _module_preset=&#8220;default&#8220; text_font=&#8220;Montserrat|300||on|||||&#8220; text_text_color=&#8220;#F1F1F6&#8243; text_font_size=&#8220;35px&#8220; text_letter_spacing=&#8220;1px&#8220; text_line_height=&#8220;1.8em&#8220; min_height=&#8220;56px&#8220; custom_margin=&#8220;11px||1px|||&#8220; custom_padding=&#8220;15px||0px|||&#8220; global_colors_info=&#8220;{}&#8220;]<\/p>\n<p>Odborn\u00e1 \u0161kolen\u00ed v estetick\u00e9 medic\u00edn\u011b<\/p>\n<p>[\/et_pb_text][et_pb_text _builder_version=&#8220;4.27.4&#8243; _module_preset=&#8220;default&#8220; text_font=&#8220;Montserrat|700||on|||||&#8220; text_text_color=&#8220;#F1F1F6&#8243; text_font_size=&#8220;35px&#8220; text_letter_spacing=&#8220;1px&#8220; text_line_height=&#8220;1.2em&#8220; custom_margin=&#8220;||7px|||&#8220; custom_padding=&#8220;2px||23px|||&#8220; border_width_bottom=&#8220;1px&#8220; border_color_bottom=&#8220;#E2F0F0&#8243; global_colors_info=&#8220;{}&#8220;]<\/p>\n<p>Certifikovan\u00e1 \u0161kolen\u00ed a aplika\u010dn\u00ed tr\u00e9ninky pro zdravotnick\u00e9 profesion\u00e1ly v oblasti estetick\u00e9 medic\u00edny.<\/p>\n<p>[\/et_pb_text][et_pb_text _builder_version=&#8220;4.27.4&#8243; _module_preset=&#8220;default&#8220; text_font=&#8220;Montserrat|300|||||||&#8220; text_text_color=&#8220;#F1F1F6&#8243; width=&#8220;100%&#8220; custom_margin=&#8220;||-10px|||&#8220; custom_padding=&#8220;19px|0px||3px||&#8220; global_colors_info=&#8220;{}&#8220;]<\/p>\n<p>Poskytujeme odborn\u00e1 aplika\u010dn\u00ed \u0161kolen\u00ed a produktov\u00e9 tr\u00e9ninky k portfoliu UVELIX, ur\u010den\u00e9 v\u00fdhradn\u011b pro zdravotnick\u00e9 profesion\u00e1ly v oblasti estetick\u00e9 medic\u00edny. Obsah \u0161kolen\u00ed je zam\u011b\u0159en na bezpe\u010dnost aplikace, spr\u00e1vn\u00e9 technick\u00e9 postupy a pochopen\u00ed mechanism\u016f \u00fa\u010dinku jednotliv\u00fdch metod v klinick\u00e9 praxi.<\/p>\n<p>[\/et_pb_text][\/et_pb_column][\/et_pb_row][\/et_pb_section][et_pb_section fb_built=&#8220;1&#8243; _builder_version=&#8220;4.27.4&#8243; _module_preset=&#8220;default&#8220; use_background_color_gradient=&#8220;on&#8220; background_color_gradient_stops=&#8220;#141a1e 46%|#36565f 100%&#8220; custom_padding=&#8220;6px|||||&#8220; border_color_all=&#8220;RGBA(255,255,255,0)&#8220; border_width_top=&#8220;1px&#8220; border_color_top=&#8220;rgba(49,82,94,0.26)&#8220; global_colors_info=&#8220;{}&#8220;][et_pb_row column_structure=&#8220;1_2,1_2&#8243; _builder_version=&#8220;4.27.4&#8243; _module_preset=&#8220;default&#8220; global_colors_info=&#8220;{}&#8220;][et_pb_column type=&#8220;1_2&#8243; _builder_version=&#8220;4.27.4&#8243; _module_preset=&#8220;default&#8220; global_colors_info=&#8220;{}&#8220;][et_pb_text _builder_version=&#8220;4.27.4&#8243; _module_preset=&#8220;default&#8220; text_font=&#8220;Montserrat|300||on|||||&#8220; text_text_color=&#8220;#F1F1F6&#8243; text_font_size=&#8220;35px&#8220; text_letter_spacing=&#8220;1px&#8220; text_line_height=&#8220;1.8em&#8220; custom_margin=&#8220;11px||1px|||&#8220; custom_padding=&#8220;15px||0px|||&#8220; border_width_bottom=&#8220;1px&#8220; border_color_bottom=&#8220;RGBA(255,255,255,0)&#8220; locked=&#8220;off&#8220; global_colors_info=&#8220;{}&#8220;]<\/p>\n<p>Pro koho jsou \u0161kolen\u00ed ur\u010dena<\/p>\n<p>[\/et_pb_text][et_pb_text _builder_version=&#8220;4.27.4&#8243; _module_preset=&#8220;default&#8220; text_font=&#8220;Montserrat|300|||||||&#8220; text_text_color=&#8220;#F1F1F6&#8243; width=&#8220;100%&#8220; custom_margin=&#8220;||-10px|||&#8220; custom_padding=&#8220;19px|0px||3px||&#8220; locked=&#8220;off&#8220; global_colors_info=&#8220;{}&#8220;]<\/p>\n<p>&#8211; l\u00e9ka\u0159e<br \/>&#8211; zdravotnick\u00e9 pracovn\u00edky<br \/>&#8211; odborn\u00edky p\u016fsob\u00edc\u00ed v oblasti estetick\u00e9 medic\u00edny<\/p>\n<p><em>Obsah je p\u0159izp\u016fsoben \u00farovni zku\u0161enost\u00ed \u00fa\u010dastn\u00edk\u016f a zam\u011b\u0159uje se na klinickou praxi.<\/em><\/p>\n<p>&nbsp;<\/p>\n<p>[\/et_pb_text][\/et_pb_column][et_pb_column type=&#8220;1_2&#8243; _builder_version=&#8220;4.27.4&#8243; _module_preset=&#8220;default&#8220; global_colors_info=&#8220;{}&#8220;][et_pb_text _builder_version=&#8220;4.27.4&#8243; _module_preset=&#8220;default&#8220; text_font=&#8220;Montserrat|300||on|||||&#8220; text_text_color=&#8220;#F1F1F6&#8243; text_font_size=&#8220;35px&#8220; text_letter_spacing=&#8220;1px&#8220; text_line_height=&#8220;1.8em&#8220; custom_margin=&#8220;11px||1px|||&#8220; custom_padding=&#8220;15px||0px|||&#8220; border_width_bottom=&#8220;1px&#8220; border_color_bottom=&#8220;RGBA(255,255,255,0)&#8220; global_colors_info=&#8220;{}&#8220;]<\/p>\n<p>Forma \u0161kolen\u00ed<\/p>\n<p>[\/et_pb_text][et_pb_text _builder_version=&#8220;4.27.4&#8243; _module_preset=&#8220;default&#8220; text_font=&#8220;Montserrat|300|||||||&#8220; text_text_color=&#8220;#F1F1F6&#8243; width=&#8220;100%&#8220; custom_margin=&#8220;||-10px|||&#8220; custom_padding=&#8220;19px|0px||3px||&#8220; locked=&#8220;off&#8220; global_colors_info=&#8220;{}&#8220;]<\/p>\n<p>&#8211; individu\u00e1ln\u00ed nebo skupinov\u00e1 \u0161kolen\u00ed<br \/>&#8211; praktick\u00e1 i teoretick\u00e1 \u010d\u00e1st<br \/>&#8211; \u0161kolen\u00ed na pracovi\u0161ti nebo dle domluvy<br \/>&#8211; mo\u017enost navazuj\u00edc\u00ed odborn\u00e9 podpory<\/p>\n<p>[\/et_pb_text][\/et_pb_column][\/et_pb_row][\/et_pb_section][et_pb_section fb_built=&#8220;1&#8243; _builder_version=&#8220;4.27.4&#8243; _module_preset=&#8220;default&#8220; background_color=&#8220;#141A1E&#8220; global_colors_info=&#8220;{}&#8220;][et_pb_row _builder_version=&#8220;4.27.4&#8243; _module_preset=&#8220;default&#8220; global_colors_info=&#8220;{}&#8220;][et_pb_column type=&#8220;4_4&#8243; _builder_version=&#8220;4.27.4&#8243; _module_preset=&#8220;default&#8220; global_colors_info=&#8220;{}&#8220;][et_pb_text _builder_version=&#8220;4.27.4&#8243; _module_preset=&#8220;default&#8220; text_font=&#8220;Montserrat|700||on|||||&#8220; text_text_color=&#8220;#FFFFFF&#8220; text_font_size=&#8220;35px&#8220; text_letter_spacing=&#8220;1px&#8220; text_line_height=&#8220;1.2em&#8220; module_alignment=&#8220;center&#8220; custom_margin=&#8220;||7px|||&#8220; custom_padding=&#8220;2px||23px|||&#8220; border_width_bottom=&#8220;1px&#8220; border_color_bottom=&#8220;#E2F0F0&#8243; global_colors_info=&#8220;{}&#8220;]<\/p>\n<p>Typy odborn\u00fdch \u0161kolen\u00ed<\/p>\n<p>[\/et_pb_text][\/et_pb_column][\/et_pb_row][et_pb_row column_structure=&#8220;1_2,1_2&#8243; _builder_version=&#8220;4.27.4&#8243; _module_preset=&#8220;default&#8220; global_colors_info=&#8220;{}&#8220;][et_pb_column type=&#8220;1_2&#8243; _builder_version=&#8220;4.27.4&#8243; _module_preset=&#8220;default&#8220; global_colors_info=&#8220;{}&#8220;][et_pb_blurb title=&#8220;Aplika\u010dn\u00ed \u0161kolen\u00ed derm\u00e1ln\u00edch v\u00fdpln\u00ed&#8220; use_icon=&#8220;on&#8220; font_icon=&#8220;&#xf48e;||fa||900&#8243; icon_color=&#8220;#E2F0F0&#8243; image_icon_background_color=&#8220;RGBA(255,255,255,0)&#8220; image_icon_width=&#8220;45px&#8220; _builder_version=&#8220;4.27.4&#8243; _module_preset=&#8220;default&#8220; header_font=&#8220;Montserrat|500||on|||||&#8220; header_text_align=&#8220;center&#8220; header_text_color=&#8220;#E2F0F0&#8243; header_font_size=&#8220;18px&#8220; header_letter_spacing=&#8220;1px&#8220; header_line_height=&#8220;1.1em&#8220; body_font=&#8220;Montserrat|300|||||||&#8220; body_text_align=&#8220;center&#8220; body_text_color=&#8220;#E2F0F0&#8243; body_font_size=&#8220;13px&#8220; transform_translate_linked=&#8220;off&#8220; text_orientation=&#8220;justified&#8220; module_alignment=&#8220;center&#8220; custom_margin=&#8220;||||false|false&#8220; custom_padding=&#8220;||||false|false&#8220; border_width_all=&#8220;18px&#8220; border_color_all=&#8220;RGBA(255,255,255,0)&#8220; box_shadow_style=&#8220;preset3&#8243; box_shadow_blur=&#8220;10px&#8220; box_shadow_spread=&#8220;-1px&#8220; box_shadow_color=&#8220;#5F8190&#8243; locked=&#8220;off&#8220; global_colors_info=&#8220;{}&#8220; box_shadow_blur__hover_enabled=&#8220;on|hover&#8220; box_shadow_blur__hover=&#8220;15px&#8220; box_shadow_color__hover_enabled=&#8220;on|hover&#8220; box_shadow_color__hover=&#8220;#5F8190&#8243; transform_styles__hover_enabled=&#8220;on|desktop&#8220; transform_scale__hover_enabled=&#8220;on|desktop&#8220; transform_translate__hover=&#8220;0px|-10px&#8220; transform_translate__hover_enabled=&#8220;on|desktop&#8220; transform_rotate__hover_enabled=&#8220;on|desktop&#8220; transform_skew__hover_enabled=&#8220;on|desktop&#8220; transform_origin__hover_enabled=&#8220;on|desktop&#8220;]<\/p>\n<p>Praktick\u00e1 \u0161kolen\u00ed zam\u011b\u0159en\u00e1 na spr\u00e1vn\u00e9 pou\u017eit\u00ed derm\u00e1ln\u00edch v\u00fdpln\u00ed, indikace, kontraindikace a bezpe\u010dnost aplikace v klinick\u00e9 praxi.<\/p>\n<p>[\/et_pb_blurb][\/et_pb_column][et_pb_column type=&#8220;1_2&#8243; _builder_version=&#8220;4.27.4&#8243; _module_preset=&#8220;default&#8220; global_colors_info=&#8220;{}&#8220;][et_pb_blurb title=&#8220;Individu\u00e1ln\u00ed \u0161kolen\u00ed&#8220; use_icon=&#8220;on&#8220; font_icon=&#8220;&#xf51c;||fa||900&#8243; icon_color=&#8220;#E2F0F0&#8243; image_icon_background_color=&#8220;RGBA(255,255,255,0)&#8220; image_icon_width=&#8220;45px&#8220; _builder_version=&#8220;4.27.4&#8243; _module_preset=&#8220;default&#8220; header_font=&#8220;Montserrat|500||on|||||&#8220; header_text_align=&#8220;center&#8220; header_text_color=&#8220;#E2F0F0&#8243; header_font_size=&#8220;18px&#8220; header_letter_spacing=&#8220;1px&#8220; header_line_height=&#8220;1.1em&#8220; body_font=&#8220;Montserrat|300|||||||&#8220; body_text_align=&#8220;center&#8220; body_text_color=&#8220;#E2F0F0&#8243; body_font_size=&#8220;13px&#8220; transform_translate_linked=&#8220;off&#8220; text_orientation=&#8220;justified&#8220; module_alignment=&#8220;center&#8220; custom_margin=&#8220;||||false|false&#8220; custom_padding=&#8220;||||false|false&#8220; border_width_all=&#8220;18px&#8220; border_color_all=&#8220;RGBA(255,255,255,0)&#8220; box_shadow_style=&#8220;preset3&#8243; box_shadow_blur=&#8220;10px&#8220; box_shadow_spread=&#8220;-1px&#8220; box_shadow_color=&#8220;#5F8190&#8243; locked=&#8220;off&#8220; global_colors_info=&#8220;{}&#8220; box_shadow_blur__hover_enabled=&#8220;on|hover&#8220; box_shadow_blur__hover=&#8220;15px&#8220; box_shadow_color__hover_enabled=&#8220;on|hover&#8220; box_shadow_color__hover=&#8220;#5F8190&#8243; transform_styles__hover_enabled=&#8220;on|desktop&#8220; transform_scale__hover_enabled=&#8220;on|desktop&#8220; transform_translate__hover=&#8220;0px|-10px&#8220; transform_translate__hover_enabled=&#8220;on|desktop&#8220; transform_rotate__hover_enabled=&#8220;on|desktop&#8220; transform_skew__hover_enabled=&#8220;on|desktop&#8220; transform_origin__hover_enabled=&#8220;on|desktop&#8220;]<\/p>\n<p>Individu\u00e1ln\u00ed \u0161kolen\u00ed p\u0159izp\u016fsoben\u00e1 konkr\u00e9tn\u00edm pot\u0159eb\u00e1m kliniky nebo zdravotnick\u00e9ho za\u0159\u00edzen\u00ed.<\/p>\n<p>[\/et_pb_blurb][\/et_pb_column][\/et_pb_row][et_pb_row column_structure=&#8220;1_3,1_3,1_3&#8243; _builder_version=&#8220;4.27.4&#8243; _module_preset=&#8220;default&#8220; global_colors_info=&#8220;{}&#8220;][et_pb_column type=&#8220;1_3&#8243; _builder_version=&#8220;4.27.4&#8243; _module_preset=&#8220;default&#8220; global_colors_info=&#8220;{}&#8220;][et_pb_blurb title=&#8220;Polynukleotidy a biostimulace&#8220; use_icon=&#8220;on&#8220; font_icon=&#8220;&#xf110;||fa||900&#8243; icon_color=&#8220;#E2F0F0&#8243; image_icon_background_color=&#8220;RGBA(255,255,255,0)&#8220; image_icon_width=&#8220;45px&#8220; _builder_version=&#8220;4.27.4&#8243; _module_preset=&#8220;default&#8220; header_font=&#8220;Montserrat|500||on|||||&#8220; header_text_align=&#8220;center&#8220; header_text_color=&#8220;#E2F0F0&#8243; header_font_size=&#8220;18px&#8220; header_letter_spacing=&#8220;1px&#8220; header_line_height=&#8220;1.1em&#8220; body_font=&#8220;Montserrat|300|||||||&#8220; body_text_align=&#8220;center&#8220; body_text_color=&#8220;#E2F0F0&#8243; body_font_size=&#8220;13px&#8220; transform_translate_linked=&#8220;off&#8220; text_orientation=&#8220;justified&#8220; module_alignment=&#8220;center&#8220; custom_margin=&#8220;||||false|false&#8220; custom_padding=&#8220;||||false|false&#8220; border_width_all=&#8220;18px&#8220; border_color_all=&#8220;RGBA(255,255,255,0)&#8220; box_shadow_style=&#8220;preset3&#8243; box_shadow_blur=&#8220;10px&#8220; box_shadow_spread=&#8220;-1px&#8220; box_shadow_color=&#8220;#5F8190&#8243; locked=&#8220;off&#8220; global_colors_info=&#8220;{}&#8220; box_shadow_blur__hover_enabled=&#8220;on|hover&#8220; box_shadow_blur__hover=&#8220;15px&#8220; box_shadow_color__hover_enabled=&#8220;on|hover&#8220; box_shadow_color__hover=&#8220;#5F8190&#8243; transform_styles__hover_enabled=&#8220;on|desktop&#8220; transform_scale__hover_enabled=&#8220;on|desktop&#8220; transform_translate__hover=&#8220;0px|-10px&#8220; transform_translate__hover_enabled=&#8220;on|desktop&#8220; transform_rotate__hover_enabled=&#8220;on|desktop&#8220; transform_skew__hover_enabled=&#8220;on|desktop&#8220; transform_origin__hover_enabled=&#8220;on|desktop&#8220;]<\/p>\n<p>Odborn\u00fd p\u0159ehled princip\u016f biostimulace, pr\u00e1ce s polynukleotidy a jejich vyu\u017eit\u00ed v estetick\u00e9 medic\u00edn\u011b.<\/p>\n<p>[\/et_pb_blurb][\/et_pb_column][et_pb_column type=&#8220;1_3&#8243; _builder_version=&#8220;4.27.4&#8243; _module_preset=&#8220;default&#8220; global_colors_info=&#8220;{}&#8220;][et_pb_blurb title=&#8220;Nit\u011b a liftingov\u00e9 techniky&#8220; use_icon=&#8220;on&#8220; font_icon=&#8220;&#xf7a4;||fa||900&#8243; icon_color=&#8220;#E2F0F0&#8243; image_icon_background_color=&#8220;RGBA(255,255,255,0)&#8220; image_icon_width=&#8220;45px&#8220; _builder_version=&#8220;4.27.4&#8243; _module_preset=&#8220;default&#8220; header_font=&#8220;Montserrat|500||on|||||&#8220; header_text_align=&#8220;center&#8220; header_text_color=&#8220;#E2F0F0&#8243; header_font_size=&#8220;18px&#8220; header_letter_spacing=&#8220;1px&#8220; header_line_height=&#8220;1.1em&#8220; body_font=&#8220;Montserrat|300|||||||&#8220; body_text_align=&#8220;center&#8220; body_text_color=&#8220;#E2F0F0&#8243; body_font_size=&#8220;13px&#8220; transform_translate_linked=&#8220;off&#8220; text_orientation=&#8220;justified&#8220; module_alignment=&#8220;center&#8220; custom_margin=&#8220;||||false|false&#8220; custom_padding=&#8220;||||false|false&#8220; border_width_all=&#8220;18px&#8220; border_color_all=&#8220;RGBA(255,255,255,0)&#8220; box_shadow_style=&#8220;preset3&#8243; box_shadow_blur=&#8220;10px&#8220; box_shadow_spread=&#8220;-1px&#8220; box_shadow_color=&#8220;#5F8190&#8243; locked=&#8220;off&#8220; global_colors_info=&#8220;{}&#8220; box_shadow_blur__hover_enabled=&#8220;on|hover&#8220; box_shadow_blur__hover=&#8220;15px&#8220; box_shadow_color__hover_enabled=&#8220;on|hover&#8220; box_shadow_color__hover=&#8220;#5F8190&#8243; transform_styles__hover_enabled=&#8220;on|desktop&#8220; transform_scale__hover_enabled=&#8220;on|desktop&#8220; transform_translate__hover=&#8220;0px|-10px&#8220; transform_translate__hover_enabled=&#8220;on|desktop&#8220; transform_rotate__hover_enabled=&#8220;on|desktop&#8220; transform_skew__hover_enabled=&#8220;on|desktop&#8220; transform_origin__hover_enabled=&#8220;on|desktop&#8220;]<\/p>\n<p>\u0160kolen\u00ed zam\u011b\u0159en\u00e1 na pr\u00e1ci s liftingov\u00fdmi a podp\u016frn\u00fdmi nit\u011bmi, z\u00e1kladn\u00ed techniky zav\u00e1d\u011bn\u00ed a bezpe\u010dnostn\u00ed aspekty.<\/p>\n<p>[\/et_pb_blurb][\/et_pb_column][et_pb_column type=&#8220;1_3&#8243; _builder_version=&#8220;4.27.4&#8243; _module_preset=&#8220;default&#8220; global_colors_info=&#8220;{}&#8220;][et_pb_blurb title=&#8220;Skinboostery a regenera\u010dn\u00ed terapie&#8220; use_icon=&#8220;on&#8220; font_icon=&#8220;&#xf471;||fa||900&#8243; icon_color=&#8220;#E2F0F0&#8243; image_icon_background_color=&#8220;RGBA(255,255,255,0)&#8220; image_icon_width=&#8220;45px&#8220; _builder_version=&#8220;4.27.4&#8243; _module_preset=&#8220;default&#8220; header_font=&#8220;Montserrat|500||on|||||&#8220; header_text_align=&#8220;center&#8220; header_text_color=&#8220;#E2F0F0&#8243; header_font_size=&#8220;18px&#8220; header_letter_spacing=&#8220;1px&#8220; header_line_height=&#8220;1.1em&#8220; body_font=&#8220;Montserrat|300|||||||&#8220; body_text_align=&#8220;center&#8220; body_text_color=&#8220;#E2F0F0&#8243; body_font_size=&#8220;13px&#8220; transform_translate_linked=&#8220;off&#8220; text_orientation=&#8220;justified&#8220; module_alignment=&#8220;center&#8220; custom_margin=&#8220;||||false|false&#8220; custom_padding=&#8220;||||false|false&#8220; border_width_all=&#8220;18px&#8220; border_color_all=&#8220;RGBA(255,255,255,0)&#8220; box_shadow_style=&#8220;preset3&#8243; box_shadow_blur=&#8220;10px&#8220; box_shadow_spread=&#8220;-1px&#8220; box_shadow_color=&#8220;#5F8190&#8243; locked=&#8220;off&#8220; global_colors_info=&#8220;{}&#8220; box_shadow_blur__hover_enabled=&#8220;on|hover&#8220; box_shadow_blur__hover=&#8220;15px&#8220; box_shadow_color__hover_enabled=&#8220;on|hover&#8220; box_shadow_color__hover=&#8220;#5F8190&#8243; transform_styles__hover_enabled=&#8220;on|desktop&#8220; transform_scale__hover_enabled=&#8220;on|desktop&#8220; transform_translate__hover=&#8220;0px|-10px&#8220; transform_translate__hover_enabled=&#8220;on|desktop&#8220; transform_rotate__hover_enabled=&#8220;on|desktop&#8220; transform_skew__hover_enabled=&#8220;on|desktop&#8220; transform_origin__hover_enabled=&#8220;on|desktop&#8220;]<\/p>\n<p>\u0160kolen\u00ed zam\u011b\u0159en\u00e1 na hydrata\u010dn\u00ed a regenera\u010dn\u00ed postupy, pr\u00e1ci se skinboostery a biostimula\u010dn\u00edmi postupy.<\/p>\n<p>[\/et_pb_blurb][\/et_pb_column][\/et_pb_row][\/et_pb_section][et_pb_section fb_built=&#8220;1&#8243; _builder_version=&#8220;4.27.4&#8243; _module_preset=&#8220;default&#8220; background_color=&#8220;#141A1E&#8220; use_background_color_gradient=&#8220;on&#8220; background_color_gradient_direction=&#8220;164deg&#8220; background_color_gradient_stops=&#8220;#36565f 0%|#e2f0f0 100%&#8220; global_colors_info=&#8220;{}&#8220;][et_pb_row _builder_version=&#8220;4.27.4&#8243; _module_preset=&#8220;default&#8220; global_colors_info=&#8220;{}&#8220;][et_pb_column type=&#8220;4_4&#8243; _builder_version=&#8220;4.27.4&#8243; _module_preset=&#8220;default&#8220; global_colors_info=&#8220;{}&#8220;][et_pb_text _builder_version=&#8220;4.27.4&#8243; _module_preset=&#8220;default&#8220; text_font=&#8220;Montserrat|700||on|||||&#8220; text_text_color=&#8220;#FFFFFF&#8220; text_font_size=&#8220;35px&#8220; text_letter_spacing=&#8220;1px&#8220; text_line_height=&#8220;1.2em&#8220; module_alignment=&#8220;center&#8220; custom_margin=&#8220;||7px|||&#8220; custom_padding=&#8220;2px||23px|||&#8220; border_width_bottom=&#8220;1px&#8220; border_color_bottom=&#8220;#E2F0F0&#8243; global_colors_info=&#8220;{}&#8220;]<\/p>\n<p>Z\u00e1jem o odborn\u00e9 \u0161kolen\u00ed<\/p>\n<p>[\/et_pb_text][et_pb_text _builder_version=&#8220;4.27.4&#8243; _module_preset=&#8220;default&#8220; text_font=&#8220;Montserrat|300|||||||&#8220; text_text_color=&#8220;#F1F1F6&#8243; width=&#8220;100%&#8220; custom_margin=&#8220;||-10px|||&#8220; custom_padding=&#8220;19px|0px|23px|3px||&#8220; global_colors_info=&#8220;{}&#8220;]<\/p>\n<p>M\u00e1te z\u00e1jem o odborn\u00e9 \u0161kolen\u00ed nebo individu\u00e1ln\u00ed tr\u00e9nink?<br \/>Kontaktujte n\u00e1s a r\u00e1di s v\u00e1mi domluv\u00edme vhodnou formu spolupr\u00e1ce.<\/p>\n<p>[\/et_pb_text][et_pb_button button_url=&#8220;https:\/\/www.uvelix.cz\/index.php\/kontakt\/&#8220; button_text=&#8220;Kontakt&#8220; button_alignment=&#8220;left&#8220; _builder_version=&#8220;4.27.4&#8243; _module_preset=&#8220;default&#8220; custom_button=&#8220;on&#8220; button_text_color=&#8220;#F1F1F6&#8243; button_bg_color=&#8220;RGBA(255,255,255,0)&#8220; button_border_width=&#8220;1px&#8220; button_border_color=&#8220;#5F8190&#8243; button_border_radius=&#8220;100px&#8220; button_letter_spacing=&#8220;0px&#8220; button_font=&#8220;Montserrat|300|||||||&#8220; button_icon_color=&#8220;#F1F1F6&#8243; custom_margin=&#8220;||||false|false&#8220; locked=&#8220;off&#8220; global_colors_info=&#8220;{}&#8220;][\/et_pb_button][\/et_pb_column][\/et_pb_row][\/et_pb_section]<\/p>\n","protected":false},"excerpt":{"rendered":"<p>Odborn\u00e1 \u0161kolen\u00ed v estetick\u00e9 medic\u00edn\u011bCertifikovan\u00e1 \u0161kolen\u00ed a aplika\u010dn\u00ed tr\u00e9ninky pro zdravotnick\u00e9 profesion\u00e1ly v oblasti estetick\u00e9 medic\u00edny.Poskytujeme odborn\u00e1 aplika\u010dn\u00ed \u0161kolen\u00ed a produktov\u00e9 tr\u00e9ninky k portfoliu UVELIX, ur\u010den\u00e9 v\u00fdhradn\u011b pro zdravotnick\u00e9 profesion\u00e1ly v oblasti estetick\u00e9 medic\u00edny. Obsah \u0161kolen\u00ed je zam\u011b\u0159en na bezpe\u010dnost aplikace, spr\u00e1vn\u00e9 technick\u00e9 postupy a pochopen\u00ed mechanism\u016f \u00fa\u010dinku jednotliv\u00fdch metod v klinick\u00e9 praxi.Pro koho jsou [&hellip;]<\/p>\n","protected":false},"author":1,"featured_media":0,"parent":0,"menu_order":0,"comment_status":"closed","ping_status":"closed","template":"","meta":{"_et_pb_use_builder":"on","_et_pb_old_content":"","_et_gb_content_width":"","footnotes":""},"class_list":["post-172","page","type-page","status-publish","hentry"],"_links":{"self":[{"href":"https:\/\/www.uvelix.cz\/index.php\/wp-json\/wp\/v2\/pages\/172","targetHints":{"allow":["GET"]}}],"collection":[{"href":"https:\/\/www.uvelix.cz\/index.php\/wp-json\/wp\/v2\/pages"}],"about":[{"href":"https:\/\/www.uvelix.cz\/index.php\/wp-json\/wp\/v2\/types\/page"}],"author":[{"embeddable":true,"href":"https:\/\/www.uvelix.cz\/index.php\/wp-json\/wp\/v2\/users\/1"}],"replies":[{"embeddable":true,"href":"https:\/\/www.uvelix.cz\/index.php\/wp-json\/wp\/v2\/comments?post=172"}],"version-history":[{"count":16,"href":"https:\/\/www.uvelix.cz\/index.php\/wp-json\/wp\/v2\/pages\/172\/revisions"}],"predecessor-version":[{"id":1738,"href":"https:\/\/www.uvelix.cz\/index.php\/wp-json\/wp\/v2\/pages\/172\/revisions\/1738"}],"wp:attachment":[{"href":"https:\/\/www.uvelix.cz\/index.php\/wp-json\/wp\/v2\/media?parent=172"}],"curies":[{"name":"wp","href":"https:\/\/api.w.org\/{rel}","templated":true}]}}