{"id":174,"date":"2025-12-03T12:08:18","date_gmt":"2025-12-03T12:08:18","guid":{"rendered":"https:\/\/www.uvelix.cz\/?page_id=174"},"modified":"2026-01-30T15:20:38","modified_gmt":"2026-01-30T15:20:38","slug":"reference","status":"publish","type":"page","link":"https:\/\/www.uvelix.cz\/index.php\/reference\/","title":{"rendered":"Reference"},"content":{"rendered":"<p>[et_pb_section fb_built=&#8220;1&#8243; _builder_version=&#8220;4.27.4&#8243; _module_preset=&#8220;default&#8220; use_background_color_gradient=&#8220;on&#8220; background_color_gradient_stops=&#8220;#141a1e 24%|#36565f 100%&#8220; custom_padding=&#8220;0px||0px||true|&#8220; locked=&#8220;off&#8220; global_colors_info=&#8220;{}&#8220;][et_pb_row _builder_version=&#8220;4.27.4&#8243; _module_preset=&#8220;default&#8220; custom_padding=&#8220;23px|||||&#8220; global_colors_info=&#8220;{}&#8220;][et_pb_column type=&#8220;4_4&#8243; _builder_version=&#8220;4.27.4&#8243; _module_preset=&#8220;default&#8220; global_colors_info=&#8220;{}&#8220;][et_pb_menu menu_id=&#8220;5&#8243; menu_style=&#8220;centered&#8220; submenu_direction=&#8220;downwards&#8220; active_link_color=&#8220;#E2F0F0&#8243; dropdown_menu_bg_color=&#8220;#36565F&#8220; dropdown_menu_line_color=&#8220;#E2F0F0&#8243; dropdown_menu_text_color=&#8220;#F1F1F6&#8243; dropdown_menu_active_link_color=&#8220;#36565F&#8220; mobile_menu_bg_color=&#8220;#36565F&#8220; mobile_menu_text_color=&#8220;#F1F1F6&#8243; show_search_icon=&#8220;on&#8220; cart_icon_color=&#8220;#F1F1F6&#8243; search_icon_color=&#8220;#F1F1F6&#8243; menu_icon_color=&#8220;#F1F1F6&#8243; _builder_version=&#8220;4.27.4&#8243; _module_preset=&#8220;default&#8220; menu_font=&#8220;Montserrat|500||on|||||&#8220; menu_text_color=&#8220;#F1F1F6&#8243; menu_font_size=&#8220;12px&#8220; menu_letter_spacing=&#8220;1px&#8220; background_color=&#8220;RGBA(255,255,255,0)&#8220; background_layout=&#8220;dark&#8220; module_alignment=&#8220;left&#8220; custom_margin=&#8220;1px||1px|||&#8220; custom_padding=&#8220;2px||19px|||&#8220; border_width_bottom=&#8220;1px&#8220; border_color_bottom=&#8220;#F1F1F6&#8243; locked=&#8220;off&#8220; global_colors_info=&#8220;{}&#8220; active_link_color__hover=&#8220;#B8D4EF&#8220; active_link_color__hover_enabled=&#8220;off|desktop&#8220; logo_width__sticky=&#8220;0%&#8220; logo_width__sticky_enabled=&#8220;on|sticky&#8220; search_icon_color__hover=&#8220;#36565F&#8220; search_icon_color__hover_enabled=&#8220;on|desktop&#8220; menu_text_color__hover=&#8220;#36565F&#8220; menu_text_color__hover_enabled=&#8220;on|hover&#8220;][\/et_pb_menu][\/et_pb_column][\/et_pb_row][\/et_pb_section][et_pb_section fb_built=&#8220;1&#8243; _builder_version=&#8220;4.27.4&#8243; _module_preset=&#8220;default&#8220; background_enable_color=&#8220;off&#8220; use_background_color_gradient=&#8220;on&#8220; background_color_gradient_direction=&#8220;360deg&#8220; background_color_gradient_stops=&#8220;#141a1e 0%|#36565f 100%&#8220; custom_padding=&#8220;120px||120px||false|&#8220; global_colors_info=&#8220;{}&#8220;][et_pb_row _builder_version=&#8220;4.27.4&#8243; _module_preset=&#8220;default&#8220; module_alignment=&#8220;center&#8220; custom_padding=&#8220;11px||||false|false&#8220; global_colors_info=&#8220;{}&#8220;][et_pb_column type=&#8220;4_4&#8243; _builder_version=&#8220;4.27.4&#8243; _module_preset=&#8220;default&#8220; global_colors_info=&#8220;{}&#8220;][et_pb_text _builder_version=&#8220;4.27.4&#8243; _module_preset=&#8220;default&#8220; text_font=&#8220;Montserrat|300||on|||||&#8220; text_text_color=&#8220;#F1F1F6&#8243; text_font_size=&#8220;35px&#8220; text_letter_spacing=&#8220;1px&#8220; text_line_height=&#8220;1.8em&#8220; custom_margin=&#8220;||||false|false&#8220; custom_padding=&#8220;||||false|false&#8220; global_colors_info=&#8220;{}&#8220;]<\/p>\n<p>REFERENCE A SPOLUPR\u00c1CE<\/p>\n<p>[\/et_pb_text][et_pb_text _builder_version=&#8220;4.27.4&#8243; _module_preset=&#8220;default&#8220; text_font=&#8220;Montserrat|700||on|||||&#8220; text_text_color=&#8220;#F1F1F6&#8243; text_font_size=&#8220;35px&#8220; text_letter_spacing=&#8220;1px&#8220; text_line_height=&#8220;1.2em&#8220; custom_margin=&#8220;-30px||7px|||&#8220; custom_padding=&#8220;2px||9px|||&#8220; border_width_bottom=&#8220;1px&#8220; border_color_bottom=&#8220;#E2F0F0&#8243; locked=&#8220;off&#8220; global_colors_info=&#8220;{}&#8220;]<\/p>\n<p>Spolupr\u00e1ce v oblasti estetick\u00e9 medic\u00edny<\/p>\n<p>[\/et_pb_text][et_pb_text _builder_version=&#8220;4.27.4&#8243; _module_preset=&#8220;default&#8220; text_font=&#8220;Montserrat|300|||||||&#8220; text_text_color=&#8220;#F1F1F6&#8243; width=&#8220;100%&#8220; custom_margin=&#8220;||-10px|||&#8220; custom_padding=&#8220;19px|0px||3px||&#8220; locked=&#8220;off&#8220; global_colors_info=&#8220;{}&#8220;]<\/p>\n<p data-start=\"422\" data-end=\"641\">Spole\u010dnost UVELIX dlouhodob\u011b spolupracuje s odborn\u00edky a zdravotnick\u00fdmi za\u0159\u00edzen\u00edmi p\u016fsob\u00edc\u00edmi v oblasti estetick\u00e9 medic\u00edny v \u010cesk\u00e9 a Slovensk\u00e9 republice. Na\u0161e produkty a slu\u017eby jsou vyu\u017e\u00edv\u00e1ny v ka\u017edodenn\u00ed klinick\u00e9 praxi.<\/p>\n<p>[\/et_pb_text][\/et_pb_column][\/et_pb_row][\/et_pb_section][et_pb_section fb_built=&#8220;1&#8243; _builder_version=&#8220;4.27.4&#8243; _module_preset=&#8220;default&#8220; background_enable_color=&#8220;off&#8220; background_image=&#8220;https:\/\/www.uvelix.cz\/wp-content\/uploads\/2026\/01\/pawel-czerwinski-prMn9KINLtI-unsplash-scaled-1.png&#8220; parallax=&#8220;on&#8220; custom_padding=&#8220;90px||90px||false|&#8220; global_colors_info=&#8220;{}&#8220;][et_pb_row column_structure=&#8220;1_2,1_2&#8243; _builder_version=&#8220;4.27.4&#8243; _module_preset=&#8220;default&#8220; custom_padding=&#8220;0px|||||&#8220; global_colors_info=&#8220;{}&#8220;][et_pb_column type=&#8220;1_2&#8243; _builder_version=&#8220;4.27.4&#8243; _module_preset=&#8220;default&#8220; global_colors_info=&#8220;{}&#8220;][et_pb_text _builder_version=&#8220;4.27.4&#8243; _module_preset=&#8220;default&#8220; text_font=&#8220;Montserrat|300||on|||||&#8220; text_text_color=&#8220;#F1F1F6&#8243; text_font_size=&#8220;35px&#8220; text_letter_spacing=&#8220;1px&#8220; text_line_height=&#8220;1.8em&#8220; min_height=&#8220;56px&#8220; custom_margin=&#8220;11px|-44px|1px|-20px||&#8220; custom_padding=&#8220;15px||0px|||&#8220; locked=&#8220;off&#8220; global_colors_info=&#8220;{}&#8220;]<\/p>\n<p>S k\u00fdm spolupracujeme<\/p>\n<p>[\/et_pb_text][et_pb_text _builder_version=&#8220;4.27.4&#8243; _module_preset=&#8220;default&#8220; text_font=&#8220;Montserrat|300|||||||&#8220; text_text_color=&#8220;#F1F1F6&#8243; width=&#8220;100%&#8220; custom_margin=&#8220;||-10px|||&#8220; custom_padding=&#8220;4px|0px||3px||&#8220; locked=&#8220;off&#8220; global_colors_info=&#8220;{}&#8220;]<\/p>\n<p>Na\u0161e spolupr\u00e1ce zahrnuje:<\/p>\n<p>&#8211; estetick\u00e9 kliniky<br \/>&#8211; soukrom\u00e1 dermatologick\u00e1 pracovi\u0161t\u011b<br \/>&#8211; l\u00e9ka\u0159e specializuj\u00edc\u00ed se na estetickou medic\u00ednu<br \/>&#8211; zdravotnick\u00e1 za\u0159\u00edzen\u00ed a odborn\u00e9 ambulance<\/p>\n<p><em>Spolupr\u00e1ci stav\u00edme na odbornosti, dlouhodob\u00fdch vztaz\u00edch a vz\u00e1jemn\u00e9 d\u016fv\u011b\u0159e.<\/em><\/p>\n<p>[\/et_pb_text][\/et_pb_column][et_pb_column type=&#8220;1_2&#8243; _builder_version=&#8220;4.27.4&#8243; _module_preset=&#8220;default&#8220; global_colors_info=&#8220;{}&#8220;][et_pb_text _builder_version=&#8220;4.27.4&#8243; _module_preset=&#8220;default&#8220; text_font=&#8220;Montserrat|300||on|||||&#8220; text_text_color=&#8220;#F1F1F6&#8243; text_font_size=&#8220;35px&#8220; text_letter_spacing=&#8220;1px&#8220; text_line_height=&#8220;1.8em&#8220; min_height=&#8220;56px&#8220; custom_margin=&#8220;11px|-44px|1px|-20px||&#8220; custom_padding=&#8220;15px||0px|||&#8220; locked=&#8220;off&#8220; global_colors_info=&#8220;{}&#8220;]<\/p>\n<p>P\u0159\u00edstup ke spolupr\u00e1ci<\/p>\n<p>[\/et_pb_text][et_pb_text _builder_version=&#8220;4.27.4&#8243; _module_preset=&#8220;default&#8220; text_font=&#8220;Montserrat|300|||||||&#8220; text_text_color=&#8220;#F1F1F6&#8243; width=&#8220;100%&#8220; custom_margin=&#8220;||-10px|||&#8220; custom_padding=&#8220;19px|0px||3px||&#8220; locked=&#8220;off&#8220; global_colors_info=&#8220;{}&#8220;]<\/p>\n<p>Ka\u017ed\u00e9 spolupr\u00e1ci p\u0159istupujeme individu\u00e1ln\u011b s ohledem na pot\u0159eby dan\u00e9ho pracovi\u0161t\u011b. Krom\u011b dod\u00e1vky produkt\u016f poskytujeme tak\u00e9 odborn\u00e9 poradenstv\u00ed, aplika\u010dn\u00ed \u0161kolen\u00ed a podporu p\u0159i zav\u00e1d\u011bn\u00ed nov\u00fdch metod do klinick\u00e9 praxe.<\/p>\n<p>[\/et_pb_text][\/et_pb_column][\/et_pb_row][\/et_pb_section][et_pb_section fb_built=&#8220;1&#8243; _builder_version=&#8220;4.27.4&#8243; _module_preset=&#8220;default&#8220; background_color=&#8220;#141A1E&#8220; custom_padding=&#8220;90px||90px||false|&#8220; global_colors_info=&#8220;{}&#8220;][et_pb_row _builder_version=&#8220;4.27.4&#8243; _module_preset=&#8220;default&#8220; custom_padding=&#8220;1px|||||&#8220; global_colors_info=&#8220;{}&#8220;][et_pb_column type=&#8220;4_4&#8243; _builder_version=&#8220;4.27.4&#8243; _module_preset=&#8220;default&#8220; global_colors_info=&#8220;{}&#8220;][et_pb_text _builder_version=&#8220;4.27.4&#8243; _module_preset=&#8220;default&#8220; text_font=&#8220;Montserrat|300||on|||||&#8220; text_text_color=&#8220;#F1F1F6&#8243; text_font_size=&#8220;35px&#8220; text_letter_spacing=&#8220;1px&#8220; text_line_height=&#8220;1.8em&#8220; custom_margin=&#8220;2px||1px|||&#8220; custom_padding=&#8220;2px||0px|||&#8220; border_width_bottom=&#8220;1px&#8220; border_color_bottom=&#8220;RGBA(255,255,255,0)&#8220; global_colors_info=&#8220;{}&#8220;]<\/p>\n<p>Reference klient\u016f<\/p>\n<p>[\/et_pb_text][et_pb_text _builder_version=&#8220;4.27.4&#8243; _module_preset=&#8220;default&#8220; text_font=&#8220;Montserrat|300|||||||&#8220; text_text_color=&#8220;#F1F1F6&#8243; width=&#8220;100%&#8220; custom_margin=&#8220;||-10px|||&#8220; custom_padding=&#8220;7px|0px||3px||&#8220; locked=&#8220;off&#8220; global_colors_info=&#8220;{}&#8220;]<\/p>\n<p>Reference klient\u016f a obchodn\u00edch partner\u016f jsou pr\u016fb\u011b\u017en\u011b dopl\u0148ov\u00e1ny.<br data-start=\"1274\" data-end=\"1277\" \/>Z d\u016fvodu ochrany obchodn\u00edch vztah\u016f, intern\u00edch dohod a specifik zdravotnick\u00e9ho prost\u0159ed\u00ed nejsou n\u011bkter\u00e9 spolupr\u00e1ce ve\u0159ejn\u011b prezentov\u00e1ny.<\/p>\n<p>[\/et_pb_text][\/et_pb_column][\/et_pb_row][\/et_pb_section][et_pb_section fb_built=&#8220;1&#8243; _builder_version=&#8220;4.27.4&#8243; _module_preset=&#8220;default&#8220; background_enable_color=&#8220;off&#8220; background_image=&#8220;https:\/\/www.uvelix.cz\/wp-content\/uploads\/2026\/01\/pawel-czerwinski-prMn9KINLtI-unsplash-scaled-1.png&#8220; parallax=&#8220;on&#8220; custom_padding=&#8220;90px||90px||false|&#8220; locked=&#8220;off&#8220; global_colors_info=&#8220;{}&#8220;][et_pb_row _builder_version=&#8220;4.27.4&#8243; _module_preset=&#8220;default&#8220; custom_padding=&#8220;9px||5px|||&#8220; global_colors_info=&#8220;{}&#8220;][et_pb_column type=&#8220;4_4&#8243; _builder_version=&#8220;4.27.4&#8243; _module_preset=&#8220;default&#8220; global_colors_info=&#8220;{}&#8220;][et_pb_text _builder_version=&#8220;4.27.4&#8243; _module_preset=&#8220;default&#8220; text_font=&#8220;Montserrat|700||on|||||&#8220; text_text_color=&#8220;#F1F1F6&#8243; text_font_size=&#8220;35px&#8220; text_letter_spacing=&#8220;1px&#8220; text_line_height=&#8220;1.2em&#8220; custom_margin=&#8220;||||false|false&#8220; custom_padding=&#8220;||||false|false&#8220; border_width_bottom=&#8220;1px&#8220; border_color_bottom=&#8220;#E2F0F0&#8243; global_colors_info=&#8220;{}&#8220;]<\/p>\n<p>M\u00e1te z\u00e1jem o spolupr\u00e1ci?<\/p>\n<p>[\/et_pb_text][et_pb_text _builder_version=&#8220;4.27.4&#8243; _module_preset=&#8220;default&#8220; text_font=&#8220;Montserrat|300|||||||&#8220; text_text_color=&#8220;#F1F1F6&#8243; width=&#8220;100%&#8220; custom_margin=&#8220;||||false|false&#8220; custom_padding=&#8220;||||false|false&#8220; locked=&#8220;off&#8220; global_colors_info=&#8220;{}&#8220;]<\/p>\n<p>R\u00e1di s v\u00e1mi projedn\u00e1me mo\u017enosti spolupr\u00e1ce a p\u0159iprav\u00edme individu\u00e1ln\u00ed nab\u00eddku podle pot\u0159eb va\u0161eho pracovi\u0161t\u011b.<\/p>\n<p>[\/et_pb_text][et_pb_button button_url=&#8220;https:\/\/www.uvelix.cz\/index.php\/kontakt\/&#8220; button_text=&#8220;Kontakt&#8220; button_alignment=&#8220;left&#8220; _builder_version=&#8220;4.27.4&#8243; _module_preset=&#8220;default&#8220; custom_button=&#8220;on&#8220; button_text_color=&#8220;#F1F1F6&#8243; button_bg_color=&#8220;RGBA(255,255,255,0)&#8220; button_border_width=&#8220;1px&#8220; button_border_color=&#8220;#5F8190&#8243; button_border_radius=&#8220;100px&#8220; button_letter_spacing=&#8220;0px&#8220; button_font=&#8220;Montserrat|300|||||||&#8220; button_icon_color=&#8220;#F1F1F6&#8243; custom_margin=&#8220;||||false|false&#8220; locked=&#8220;off&#8220; global_colors_info=&#8220;{}&#8220;][\/et_pb_button][\/et_pb_column][\/et_pb_row][\/et_pb_section]<\/p>\n","protected":false},"excerpt":{"rendered":"<p>REFERENCE A SPOLUPR\u00c1CESpolupr\u00e1ce v oblasti estetick\u00e9 medic\u00ednySpole\u010dnost UVELIX dlouhodob\u011b spolupracuje s odborn\u00edky a zdravotnick\u00fdmi za\u0159\u00edzen\u00edmi p\u016fsob\u00edc\u00edmi v oblasti estetick\u00e9 medic\u00edny v \u010cesk\u00e9 a Slovensk\u00e9 republice. Na\u0161e produkty a slu\u017eby jsou vyu\u017e\u00edv\u00e1ny v ka\u017edodenn\u00ed klinick\u00e9 praxi.S k\u00fdm spolupracujemeNa\u0161e spolupr\u00e1ce zahrnuje: &#8211; estetick\u00e9 kliniky- soukrom\u00e1 dermatologick\u00e1 pracovi\u0161t\u011b- l\u00e9ka\u0159e specializuj\u00edc\u00ed se na estetickou medic\u00ednu- zdravotnick\u00e1 za\u0159\u00edzen\u00ed a odborn\u00e9 [&hellip;]<\/p>\n","protected":false},"author":1,"featured_media":0,"parent":0,"menu_order":0,"comment_status":"closed","ping_status":"closed","template":"","meta":{"_et_pb_use_builder":"on","_et_pb_old_content":"","_et_gb_content_width":"","footnotes":""},"class_list":["post-174","page","type-page","status-publish","hentry"],"_links":{"self":[{"href":"https:\/\/www.uvelix.cz\/index.php\/wp-json\/wp\/v2\/pages\/174","targetHints":{"allow":["GET"]}}],"collection":[{"href":"https:\/\/www.uvelix.cz\/index.php\/wp-json\/wp\/v2\/pages"}],"about":[{"href":"https:\/\/www.uvelix.cz\/index.php\/wp-json\/wp\/v2\/types\/page"}],"author":[{"embeddable":true,"href":"https:\/\/www.uvelix.cz\/index.php\/wp-json\/wp\/v2\/users\/1"}],"replies":[{"embeddable":true,"href":"https:\/\/www.uvelix.cz\/index.php\/wp-json\/wp\/v2\/comments?post=174"}],"version-history":[{"count":13,"href":"https:\/\/www.uvelix.cz\/index.php\/wp-json\/wp\/v2\/pages\/174\/revisions"}],"predecessor-version":[{"id":1730,"href":"https:\/\/www.uvelix.cz\/index.php\/wp-json\/wp\/v2\/pages\/174\/revisions\/1730"}],"wp:attachment":[{"href":"https:\/\/www.uvelix.cz\/index.php\/wp-json\/wp\/v2\/media?parent=174"}],"curies":[{"name":"wp","href":"https:\/\/api.w.org\/{rel}","templated":true}]}}