{"id":257,"date":"2025-12-04T15:42:49","date_gmt":"2025-12-04T15:42:49","guid":{"rendered":"https:\/\/www.uvelix.cz\/?page_id=257"},"modified":"2026-01-26T16:36:04","modified_gmt":"2026-01-26T16:36:04","slug":"faq-test","status":"publish","type":"page","link":"https:\/\/www.uvelix.cz\/index.php\/faq-test\/","title":{"rendered":"FAQ"},"content":{"rendered":"<p>[et_pb_section fb_built=&#8220;1&#8243; _builder_version=&#8220;4.27.4&#8243; _module_preset=&#8220;default&#8220; use_background_color_gradient=&#8220;on&#8220; background_color_gradient_type=&#8220;elliptical&#8220; background_color_gradient_stops=&#8220;#36565f 1vmax|#e2f0f0 100vmax&#8220; background_color_gradient_unit=&#8220;vmax&#8220; custom_padding=&#8220;0px||0px||true|&#8220; locked=&#8220;off&#8220; global_colors_info=&#8220;{}&#8220;][et_pb_row _builder_version=&#8220;4.27.4&#8243; _module_preset=&#8220;default&#8220; custom_padding=&#8220;23px|||||&#8220; global_colors_info=&#8220;{}&#8220;][et_pb_column type=&#8220;4_4&#8243; _builder_version=&#8220;4.27.4&#8243; _module_preset=&#8220;default&#8220; global_colors_info=&#8220;{}&#8220;][et_pb_menu menu_id=&#8220;5&#8243; menu_style=&#8220;centered&#8220; submenu_direction=&#8220;downwards&#8220; active_link_color=&#8220;#E2F0F0&#8243; dropdown_menu_bg_color=&#8220;#36565F&#8220; dropdown_menu_line_color=&#8220;#E2F0F0&#8243; dropdown_menu_text_color=&#8220;#F1F1F6&#8243; dropdown_menu_active_link_color=&#8220;#36565F&#8220; mobile_menu_bg_color=&#8220;#36565F&#8220; mobile_menu_text_color=&#8220;#F1F1F6&#8243; show_search_icon=&#8220;on&#8220; cart_icon_color=&#8220;#F1F1F6&#8243; search_icon_color=&#8220;#F1F1F6&#8243; menu_icon_color=&#8220;#F1F1F6&#8243; _builder_version=&#8220;4.27.4&#8243; _module_preset=&#8220;default&#8220; menu_font=&#8220;Montserrat|500||on|||||&#8220; menu_text_color=&#8220;#F1F1F6&#8243; menu_font_size=&#8220;12px&#8220; menu_letter_spacing=&#8220;1px&#8220; background_color=&#8220;RGBA(255,255,255,0)&#8220; background_layout=&#8220;dark&#8220; module_alignment=&#8220;left&#8220; custom_margin=&#8220;1px||1px|||&#8220; custom_padding=&#8220;2px||19px|||&#8220; border_width_bottom=&#8220;1px&#8220; border_color_bottom=&#8220;#F1F1F6&#8243; locked=&#8220;off&#8220; global_colors_info=&#8220;{}&#8220; active_link_color__hover=&#8220;#B8D4EF&#8220; active_link_color__hover_enabled=&#8220;off|desktop&#8220; logo_width__sticky=&#8220;0%&#8220; logo_width__sticky_enabled=&#8220;on|sticky&#8220; search_icon_color__hover=&#8220;#36565F&#8220; search_icon_color__hover_enabled=&#8220;on|desktop&#8220; menu_text_color__hover=&#8220;#36565F&#8220; menu_text_color__hover_enabled=&#8220;on|hover&#8220;][\/et_pb_menu][\/et_pb_column][\/et_pb_row][\/et_pb_section][et_pb_section fb_built=&#8220;1&#8243; _builder_version=&#8220;4.27.4&#8243; _module_preset=&#8220;default&#8220; background_color=&#8220;#141A1E&#8220; background_enable_image=&#8220;off&#8220; parallax=&#8220;on&#8220; min_height=&#8220;700.3px&#8220; custom_margin=&#8220;-9px|||||&#8220; custom_padding=&#8220;0px||65px|||&#8220; global_colors_info=&#8220;{}&#8220;][et_pb_row _builder_version=&#8220;4.27.4&#8243; _module_preset=&#8220;default&#8220; custom_padding=&#8220;60px|||||&#8220; global_colors_info=&#8220;{}&#8220;][et_pb_column type=&#8220;4_4&#8243; _builder_version=&#8220;4.27.4&#8243; _module_preset=&#8220;default&#8220; global_colors_info=&#8220;{}&#8220;][et_pb_text _builder_version=&#8220;4.27.4&#8243; _module_preset=&#8220;default&#8220; text_font=&#8220;Montserrat|300||on|||||&#8220; text_text_color=&#8220;#FFFFFF&#8220; text_font_size=&#8220;40px&#8220; text_letter_spacing=&#8220;1px&#8220; custom_margin=&#8220;||0px|||&#8220; custom_padding=&#8220;12px||12px||true|&#8220; locked=&#8220;off&#8220; global_colors_info=&#8220;{}&#8220;]<\/p>\n<p data-start=\"482\" data-end=\"640\" style=\"text-align: left;\">FAQ<\/p>\n<p>[\/et_pb_text][et_pb_text _builder_version=&#8220;4.27.4&#8243; _module_preset=&#8220;default&#8220; text_font=&#8220;Montserrat|700||on|||||&#8220; text_text_color=&#8220;#FFFFFF&#8220; text_font_size=&#8220;40px&#8220; text_letter_spacing=&#8220;1px&#8220; text_line_height=&#8220;1.2em&#8220; custom_margin=&#8220;||||false|false&#8220; custom_padding=&#8220;14px||||false|false&#8220; locked=&#8220;off&#8220; global_colors_info=&#8220;{}&#8220;]<\/p>\n<p data-start=\"482\" data-end=\"640\" style=\"text-align: left;\">\u010casto KlAden\u00e9 Ot\u00e1zky<\/p>\n<p>[\/et_pb_text][\/et_pb_column][\/et_pb_row][et_pb_row column_structure=&#8220;1_2,1_2&#8243; _builder_version=&#8220;4.27.4&#8243; _module_preset=&#8220;default&#8220; custom_padding=&#8220;53px||14px|||&#8220; global_colors_info=&#8220;{}&#8220;][et_pb_column type=&#8220;1_2&#8243; _builder_version=&#8220;4.27.4&#8243; _module_preset=&#8220;default&#8220; global_colors_info=&#8220;{}&#8220;][et_pb_toggle title=&#8220;Jsou va\u0161e produkty certifikovan\u00e9 a bezpe\u010dn\u00e9?&#8220; open_toggle_text_color=&#8220;#FFFFFF&#8220; open_toggle_background_color=&#8220;#F1F1F6&#8243; closed_toggle_text_color=&#8220;#FFFFFF&#8220; closed_toggle_background_color=&#8220;#FFFFFF&#8220; toggle_icon=&#8220;&#x3b;||divi||400&#8243; open_toggle_icon=&#8220;&#x3a;||divi||400&#8243; _builder_version=&#8220;4.27.4&#8243; _module_preset=&#8220;default&#8220; title_text_color=&#8220;#FFFFFF&#8220; title_font=&#8220;Montserrat|||on|||||&#8220; title_font_size=&#8220;13px&#8220; title_letter_spacing=&#8220;1px&#8220; title_line_height=&#8220;1.1em&#8220; body_font=&#8220;Montserrat|300|||||||&#8220; body_text_color=&#8220;#E2F0F0&#8243; body_font_size=&#8220;13px&#8220; use_background_color_gradient=&#8220;on&#8220; background_color_gradient_type=&#8220;elliptical&#8220; background_color_gradient_stops=&#8220;#36565f 0vmax|#e2f0f0 100vmax&#8220; background_color_gradient_unit=&#8220;vmax&#8220; border_color_all=&#8220;#F2F0E8&#8243; locked=&#8220;off&#8220; global_colors_info=&#8220;{}&#8220;]<\/p>\n<p data-start=\"369\" data-end=\"580\">V\u0161echny n\u00e1mi distribuovan\u00e9 produkty spl\u0148uj\u00ed evropsk\u00e9 i mezin\u00e1rodn\u00ed normy (CE, ISO, p\u0159\u00edpadn\u011b dal\u0161\u00ed relevantn\u00ed certifikace).<br data-start=\"1359\" data-end=\"1362\" \/>Spolupracujeme v\u00fdhradn\u011b s v\u00fdrobci, kte\u0159\u00ed proch\u00e1zej\u00ed pravidelnou kontrolou kvality a jejich\u017e produkty jsou ur\u010deny pro odbornou estetickou a l\u00e9ka\u0159skou praxi.<\/p>\n<p>[\/et_pb_toggle][et_pb_toggle title=&#8220;Nab\u00edz\u00edte technickou podporu nebo servis p\u0159\u00edstroj\u016f?&#8220; open_toggle_text_color=&#8220;#FFFFFF&#8220; open_toggle_background_color=&#8220;#F1F1F6&#8243; closed_toggle_text_color=&#8220;#FFFFFF&#8220; closed_toggle_background_color=&#8220;#FFFFFF&#8220; toggle_icon=&#8220;&#x3b;||divi||400&#8243; open_toggle_icon=&#8220;&#x3a;||divi||400&#8243; _builder_version=&#8220;4.27.4&#8243; _module_preset=&#8220;default&#8220; title_text_color=&#8220;#FFFFFF&#8220; title_font=&#8220;Montserrat|||on|||||&#8220; title_font_size=&#8220;13px&#8220; title_letter_spacing=&#8220;1px&#8220; title_line_height=&#8220;1.1em&#8220; body_font=&#8220;Montserrat|300|||||||&#8220; body_text_color=&#8220;#E2F0F0&#8243; body_font_size=&#8220;13px&#8220; use_background_color_gradient=&#8220;on&#8220; background_color_gradient_type=&#8220;elliptical&#8220; background_color_gradient_stops=&#8220;#36565f 0vmax|#e2f0f0 100vmax&#8220; background_color_gradient_unit=&#8220;vmax&#8220; border_color_all=&#8220;#F2F0E8&#8243; locked=&#8220;off&#8220; global_colors_info=&#8220;{}&#8220;]<\/p>\n<p data-start=\"369\" data-end=\"580\">Zaji\u0161\u0165ujeme technickou podporu, konzultace p\u0159i zav\u00e1d\u011bn\u00ed technologi\u00ed do praxe a u vybran\u00fdch za\u0159\u00edzen\u00ed tak\u00e9 z\u00e1ru\u010dn\u00ed i poz\u00e1ru\u010dn\u00ed servis.<br data-start=\"2077\" data-end=\"2080\" \/>C\u00edlem je dlouhodob\u00e1 funk\u010dnost a bezpe\u010dn\u00fd provoz v klinick\u00e9m prost\u0159ed\u00ed.<\/p>\n<p>[\/et_pb_toggle][et_pb_toggle title=&#8220;Poskytujete \u0161kolen\u00ed k aplikaci v\u00fdpln\u00ed a nit\u00ed?&#8220; open_toggle_text_color=&#8220;#FFFFFF&#8220; open_toggle_background_color=&#8220;#F1F1F6&#8243; closed_toggle_text_color=&#8220;#FFFFFF&#8220; closed_toggle_background_color=&#8220;#FFFFFF&#8220; toggle_icon=&#8220;&#x3b;||divi||400&#8243; open_toggle_icon=&#8220;&#x3a;||divi||400&#8243; _builder_version=&#8220;4.27.4&#8243; _module_preset=&#8220;default&#8220; title_text_color=&#8220;#FFFFFF&#8220; title_font=&#8220;Montserrat|||on|||||&#8220; title_font_size=&#8220;13px&#8220; title_letter_spacing=&#8220;1px&#8220; title_line_height=&#8220;1.1em&#8220; body_font=&#8220;Montserrat|300|||||||&#8220; body_text_color=&#8220;#E2F0F0&#8243; body_font_size=&#8220;13px&#8220; use_background_color_gradient=&#8220;on&#8220; background_color_gradient_type=&#8220;elliptical&#8220; background_color_gradient_stops=&#8220;#36565f 0vmax|#e2f0f0 100vmax&#8220; background_color_gradient_unit=&#8220;vmax&#8220; border_color_all=&#8220;#F2F0E8&#8243; locked=&#8220;off&#8220; global_colors_info=&#8220;{}&#8220;]<\/p>\n<p data-start=\"857\" data-end=\"1054\">Nab\u00edz\u00edme odborn\u00e1 \u0161kolen\u00ed veden\u00e1 certifikovan\u00fdmi \u0161koliteli, v\u010detn\u011b praktick\u00fdch workshop\u016f, teoretick\u00e9 p\u0159\u00edpravy a doporu\u010den\u00ed pro klinickou praxi.<br data-start=\"2771\" data-end=\"2774\" \/>\u0160kolen\u00ed lze p\u0159izp\u016fsobit individu\u00e1ln\u011b nebo realizovat pro cel\u00fd t\u00fdm.<\/p>\n<p>[\/et_pb_toggle][et_pb_toggle title=&#8220;Jak\u00e9 podm\u00ednky mus\u00edm splnit, abych mohl(a) s v\u00e1mi spolupracovat?&#8220; open_toggle_text_color=&#8220;#FFFFFF&#8220; open_toggle_background_color=&#8220;#F1F1F6&#8243; closed_toggle_text_color=&#8220;#FFFFFF&#8220; closed_toggle_background_color=&#8220;#FFFFFF&#8220; toggle_icon=&#8220;&#x3b;||divi||400&#8243; open_toggle_icon=&#8220;&#x3a;||divi||400&#8243; _builder_version=&#8220;4.27.4&#8243; _module_preset=&#8220;default&#8220; title_text_color=&#8220;#FFFFFF&#8220; title_font=&#8220;Montserrat|||on|||||&#8220; title_font_size=&#8220;13px&#8220; title_letter_spacing=&#8220;1px&#8220; title_line_height=&#8220;1.1em&#8220; body_font=&#8220;Montserrat|300|||||||&#8220; body_text_color=&#8220;#E2F0F0&#8243; body_font_size=&#8220;13px&#8220; use_background_color_gradient=&#8220;on&#8220; background_color_gradient_type=&#8220;elliptical&#8220; background_color_gradient_stops=&#8220;#36565f 0vmax|#e2f0f0 100vmax&#8220; background_color_gradient_unit=&#8220;vmax&#8220; border_color_all=&#8220;#F2F0E8&#8243; locked=&#8220;off&#8220; global_colors_info=&#8220;{}&#8220;]<\/p>\n<p data-start=\"1138\" data-end=\"1294\">Pro zah\u00e1jen\u00ed spolupr\u00e1ce n\u00e1s sta\u010d\u00ed kontaktovat a poskytnout z\u00e1kladn\u00ed informace o va\u0161\u00ed odbornosti nebo pracovi\u0161ti.<br data-start=\"3394\" data-end=\"3397\" \/>Spole\u010dn\u011b projdeme portfolio a navrhneme \u0159e\u0161en\u00ed odpov\u00eddaj\u00edc\u00ed zam\u011b\u0159en\u00ed va\u0161\u00ed praxe.<\/p>\n<p>[\/et_pb_toggle][\/et_pb_column][et_pb_column type=&#8220;1_2&#8243; _builder_version=&#8220;4.27.4&#8243; _module_preset=&#8220;default&#8220; global_colors_info=&#8220;{}&#8220;][et_pb_toggle title=&#8220;Jak rychl\u00e9 je dod\u00e1n\u00ed produkt\u016f?&#8220; open_toggle_text_color=&#8220;#FFFFFF&#8220; open_toggle_background_color=&#8220;#F1F1F6&#8243; closed_toggle_text_color=&#8220;#FFFFFF&#8220; closed_toggle_background_color=&#8220;#FFFFFF&#8220; toggle_icon=&#8220;&#x3b;||divi||400&#8243; open_toggle_icon=&#8220;&#x3a;||divi||400&#8243; _builder_version=&#8220;4.27.4&#8243; _module_preset=&#8220;default&#8220; title_text_color=&#8220;#FFFFFF&#8220; title_font=&#8220;Montserrat|||on|||||&#8220; title_font_size=&#8220;13px&#8220; title_letter_spacing=&#8220;1px&#8220; title_line_height=&#8220;1.1em&#8220; body_font=&#8220;Montserrat|300|||||||&#8220; body_text_color=&#8220;#E2F0F0&#8243; body_font_size=&#8220;13px&#8220; use_background_color_gradient=&#8220;on&#8220; background_color_gradient_type=&#8220;elliptical&#8220; background_color_gradient_stops=&#8220;#36565f 0vmax|#e2f0f0 100vmax&#8220; background_color_gradient_unit=&#8220;vmax&#8220; border_color_all=&#8220;#F2F0E8&#8243; locked=&#8220;off&#8220; global_colors_info=&#8220;{}&#8220;]<\/p>\n<p data-start=\"369\" data-end=\"580\">V\u011bt\u0161inu sortimentu dr\u017e\u00edme skladem v \u010cesk\u00e9 republice. Objedn\u00e1vky obvykle odes\u00edl\u00e1me do 24\u201348 hodin.<br data-start=\"1733\" data-end=\"1736\" \/>U technologick\u00fdch \u0159e\u0161en\u00ed se term\u00edn dod\u00e1n\u00ed domlouv\u00e1 individu\u00e1ln\u011b, v\u010detn\u011b p\u0159\u00edpadn\u00e9 instalace nebo za\u0161kolen\u00ed person\u00e1lu.<\/p>\n<p>[\/et_pb_toggle][et_pb_toggle title=&#8220;Pro koho jsou va\u0161e v\u00fdpln\u011b, nit\u011b a technologie ur\u010deny?&#8220; open_toggle_text_color=&#8220;#FFFFFF&#8220; open_toggle_background_color=&#8220;#F1F1F6&#8243; closed_toggle_text_color=&#8220;#FFFFFF&#8220; closed_toggle_background_color=&#8220;#FFFFFF&#8220; toggle_icon=&#8220;&#x3b;||divi||400&#8243; open_toggle_icon=&#8220;&#x3a;||divi||400&#8243; _builder_version=&#8220;4.27.4&#8243; _module_preset=&#8220;default&#8220; title_text_color=&#8220;#FFFFFF&#8220; title_font=&#8220;Montserrat|||on|||||&#8220; title_font_size=&#8220;13px&#8220; title_letter_spacing=&#8220;1px&#8220; title_line_height=&#8220;1.1em&#8220; body_font=&#8220;Montserrat|300|||||||&#8220; body_text_color=&#8220;#E2F0F0&#8243; body_font_size=&#8220;13px&#8220; use_background_color_gradient=&#8220;on&#8220; background_color_gradient_type=&#8220;elliptical&#8220; background_color_gradient_stops=&#8220;#36565f 0vmax|#e2f0f0 100vmax&#8220; background_color_gradient_unit=&#8220;vmax&#8220; border_color_all=&#8220;#F2F0E8&#8243; locked=&#8220;off&#8220; global_colors_info=&#8220;{}&#8220;]<\/p>\n<p data-start=\"369\" data-end=\"580\">Portfolio Uvelix je ur\u010deno l\u00e9ka\u0159\u016fm, zdravotnick\u00fdm za\u0159\u00edzen\u00edm a vy\u0161kolen\u00fdm odborn\u00edk\u016fm v oblasti estetick\u00e9 medic\u00edny.<br data-start=\"2435\" data-end=\"2438\" \/>Produkty nejsou ur\u010deny pro koncov\u00e9 spot\u0159ebitele.<\/p>\n<p>[\/et_pb_toggle][et_pb_toggle title=&#8220;Jak\u00e9 zna\u010dky nab\u00edz\u00edte a podle \u010deho je vyb\u00edr\u00e1te?&#8220; open_toggle_text_color=&#8220;#FFFFFF&#8220; open_toggle_background_color=&#8220;#F1F1F6&#8243; closed_toggle_text_color=&#8220;#FFFFFF&#8220; closed_toggle_background_color=&#8220;#FFFFFF&#8220; toggle_icon=&#8220;&#x3b;||divi||400&#8243; open_toggle_icon=&#8220;&#x3a;||divi||400&#8243; _builder_version=&#8220;4.27.4&#8243; _module_preset=&#8220;default&#8220; title_text_color=&#8220;#FFFFFF&#8220; title_font=&#8220;Montserrat|||on|||||&#8220; title_font_size=&#8220;13px&#8220; title_letter_spacing=&#8220;1px&#8220; title_line_height=&#8220;1.1em&#8220; body_font=&#8220;Montserrat|300|||||||&#8220; body_text_color=&#8220;#E2F0F0&#8243; body_font_size=&#8220;13px&#8220; use_background_color_gradient=&#8220;on&#8220; background_color_gradient_type=&#8220;elliptical&#8220; background_color_gradient_stops=&#8220;#36565f 0vmax|#e2f0f0 100vmax&#8220; background_color_gradient_unit=&#8220;vmax&#8220; border_color_all=&#8220;#F2F0E8&#8243; locked=&#8220;off&#8220; global_colors_info=&#8220;{}&#8220;]<\/p>\n<p data-start=\"2285\" data-end=\"2477\">Spolupracujeme s v\u00fdrobci, kte\u0159\u00ed maj\u00ed dlouhodob\u011b ov\u011b\u0159en\u00e9 v\u00fdsledky, transparentn\u00ed p\u016fvod a stabiln\u00ed kvalitu.<br data-start=\"3034\" data-end=\"3037\" \/>Zna\u010dky vyb\u00edr\u00e1me na z\u00e1klad\u011b klinick\u00fdch studi\u00ed, technologick\u00e9 \u00farovn\u011b a vysok\u00fdch bezpe\u010dnostn\u00edch standard\u016f.<\/p>\n<p>[\/et_pb_toggle][et_pb_toggle title=&#8220;Mohu z\u00edskat doporu\u010den\u00ed, kter\u00fd produkt je vhodn\u00fd pro konkr\u00e9tn\u00ed z\u00e1krok?&#8220; open_toggle_text_color=&#8220;#FFFFFF&#8220; open_toggle_background_color=&#8220;#F1F1F6&#8243; closed_toggle_text_color=&#8220;#FFFFFF&#8220; closed_toggle_background_color=&#8220;#FFFFFF&#8220; toggle_icon=&#8220;&#x3b;||divi||400&#8243; open_toggle_icon=&#8220;&#x3a;||divi||400&#8243; _builder_version=&#8220;4.27.4&#8243; _module_preset=&#8220;default&#8220; title_text_color=&#8220;#FFFFFF&#8220; title_font=&#8220;Montserrat|||on|||||&#8220; title_font_size=&#8220;13px&#8220; title_letter_spacing=&#8220;1px&#8220; title_line_height=&#8220;1.1em&#8220; body_font=&#8220;Montserrat|300|||||||&#8220; body_text_color=&#8220;#E2F0F0&#8243; body_font_size=&#8220;13px&#8220; use_background_color_gradient=&#8220;on&#8220; background_color_gradient_type=&#8220;elliptical&#8220; background_color_gradient_stops=&#8220;#36565f 0vmax|#e2f0f0 100vmax&#8220; background_color_gradient_unit=&#8220;vmax&#8220; border_color_all=&#8220;#F2F0E8&#8243; locked=&#8220;off&#8220; global_colors_info=&#8220;{}&#8220;]<\/p>\n<p data-start=\"369\" data-end=\"580\">Na z\u00e1klad\u011b va\u0161ich zku\u0161enost\u00ed, profilu klient\u016f a po\u017eadovan\u00fdch v\u00fdsledk\u016f doporu\u010d\u00edme vhodn\u00e9 v\u00fdpln\u011b, nit\u011b nebo technologie.<br data-start=\"3707\" data-end=\"3710\" \/>Vysv\u011btl\u00edme rozd\u00edly mezi jednotliv\u00fdmi variantami a pom\u016f\u017eeme s v\u00fdb\u011brem optim\u00e1ln\u00edho \u0159e\u0161en\u00ed.<\/p>\n<p>[\/et_pb_toggle][\/et_pb_column][\/et_pb_row][\/et_pb_section][et_pb_section fb_built=&#8220;1&#8243; _builder_version=&#8220;4.27.4&#8243; _module_preset=&#8220;default&#8220; use_background_color_gradient=&#8220;on&#8220; background_color_gradient_type=&#8220;circular&#8220; background_color_gradient_stops=&#8220;#36565f 0%|#e2f0f0 100%&#8220; custom_padding=&#8220;97px||97px||true|&#8220; global_colors_info=&#8220;{}&#8220;][et_pb_row _builder_version=&#8220;4.27.4&#8243; _module_preset=&#8220;default&#8220; module_alignment=&#8220;center&#8220; custom_margin=&#8220;|auto||145px||&#8220; custom_padding=&#8220;0px||0px||true|&#8220; global_colors_info=&#8220;{}&#8220;][et_pb_column type=&#8220;4_4&#8243; _builder_version=&#8220;4.27.4&#8243; _module_preset=&#8220;default&#8220; global_colors_info=&#8220;{}&#8220;][et_pb_text _builder_version=&#8220;4.27.4&#8243; _module_preset=&#8220;default&#8220; text_font=&#8220;Montserrat|300||on|||||&#8220; text_text_color=&#8220;#F1F1F6&#8243; text_font_size=&#8220;35px&#8220; text_letter_spacing=&#8220;1px&#8220; text_line_height=&#8220;1.2em&#8220; width=&#8220;100%&#8220; module_alignment=&#8220;center&#8220; custom_margin=&#8220;11px|-96px|1px|||&#8220; custom_padding=&#8220;15px|6px|14px|||&#8220; global_colors_info=&#8220;{}&#8220;]<\/p>\n<p style=\"text-align: left;\">Nena\u0161li jste odpov\u011b\u010f na sv\u016fj dotaz?<\/p>\n<p>[\/et_pb_text][et_pb_text _builder_version=&#8220;4.27.4&#8243; _module_preset=&#8220;default&#8220; text_font=&#8220;Montserrat|700||on|||||&#8220; text_text_color=&#8220;#F1F1F6&#8243; text_font_size=&#8220;35px&#8220; text_letter_spacing=&#8220;1px&#8220; text_line_height=&#8220;1.2em&#8220; module_alignment=&#8220;center&#8220; custom_margin=&#8220;||7px|0px||&#8220; custom_padding=&#8220;2px||0px|||&#8220; global_colors_info=&#8220;{}&#8220;]<\/p>\n<p style=\"text-align: left;\">Kontaktujte n\u00e1s \u2013 r\u00e1di v\u00e1m poskytneme individu\u00e1ln\u00ed konzultaci.<\/p>\n<p>[\/et_pb_text][et_pb_button button_url=&#8220;@ET-DC@eyJkeW5hbWljIjp0cnVlLCJjb250ZW50IjoicG9zdF9saW5rX3VybF9wYWdlIiwic2V0dGluZ3MiOnsicG9zdF9pZCI6IjExMiJ9fQ==@&#8220; button_text=&#8220;Kontakt&#8220; button_alignment=&#8220;left&#8220; _builder_version=&#8220;4.27.4&#8243; _dynamic_attributes=&#8220;button_url&#8220; _module_preset=&#8220;default&#8220; custom_button=&#8220;on&#8220; button_text_size=&#8220;17px&#8220; button_text_color=&#8220;#FFFFFF&#8220; button_bg_color=&#8220;RGBA(255,255,255,0)&#8220; button_border_width=&#8220;1px&#8220; button_border_color=&#8220;#FFFFFF&#8220; button_border_radius=&#8220;100px&#8220; button_letter_spacing=&#8220;0px&#8220; button_font=&#8220;|300||on|||||&#8220; button_icon=&#8220;&#x35;||divi||400&#8243; button_icon_color=&#8220;#FFFFFF&#8220; background_layout=&#8220;dark&#8220; custom_margin=&#8220;26px|62px||3px||false&#8220; custom_padding=&#8220;|||9px||&#8220; locked=&#8220;off&#8220; global_colors_info=&#8220;{}&#8220; button_text_color__hover_enabled=&#8220;off|desktop&#8220; button_text_color__hover=&#8220;#E4E7EB&#8220;][\/et_pb_button][\/et_pb_column][\/et_pb_row][\/et_pb_section]<\/p>\n","protected":false},"excerpt":{"rendered":"<p>FAQ\u010casto KlAden\u00e9 Ot\u00e1zkyV\u0161echny n\u00e1mi distribuovan\u00e9 produkty spl\u0148uj\u00ed evropsk\u00e9 i mezin\u00e1rodn\u00ed normy (CE, ISO, p\u0159\u00edpadn\u011b dal\u0161\u00ed relevantn\u00ed certifikace).Spolupracujeme v\u00fdhradn\u011b s v\u00fdrobci, kte\u0159\u00ed proch\u00e1zej\u00ed pravidelnou kontrolou kvality a jejich\u017e produkty jsou ur\u010deny pro odbornou estetickou a l\u00e9ka\u0159skou praxi.Zaji\u0161\u0165ujeme technickou podporu, konzultace p\u0159i zav\u00e1d\u011bn\u00ed technologi\u00ed do praxe a u vybran\u00fdch za\u0159\u00edzen\u00ed tak\u00e9 z\u00e1ru\u010dn\u00ed i poz\u00e1ru\u010dn\u00ed servis.C\u00edlem je dlouhodob\u00e1 [&hellip;]<\/p>\n","protected":false},"author":1,"featured_media":0,"parent":0,"menu_order":0,"comment_status":"closed","ping_status":"closed","template":"","meta":{"_et_pb_use_builder":"on","_et_pb_old_content":"<!-- wp:divi\/placeholder \/-->","_et_gb_content_width":"","footnotes":""},"class_list":["post-257","page","type-page","status-publish","hentry"],"_links":{"self":[{"href":"https:\/\/www.uvelix.cz\/index.php\/wp-json\/wp\/v2\/pages\/257","targetHints":{"allow":["GET"]}}],"collection":[{"href":"https:\/\/www.uvelix.cz\/index.php\/wp-json\/wp\/v2\/pages"}],"about":[{"href":"https:\/\/www.uvelix.cz\/index.php\/wp-json\/wp\/v2\/types\/page"}],"author":[{"embeddable":true,"href":"https:\/\/www.uvelix.cz\/index.php\/wp-json\/wp\/v2\/users\/1"}],"replies":[{"embeddable":true,"href":"https:\/\/www.uvelix.cz\/index.php\/wp-json\/wp\/v2\/comments?post=257"}],"version-history":[{"count":38,"href":"https:\/\/www.uvelix.cz\/index.php\/wp-json\/wp\/v2\/pages\/257\/revisions"}],"predecessor-version":[{"id":1633,"href":"https:\/\/www.uvelix.cz\/index.php\/wp-json\/wp\/v2\/pages\/257\/revisions\/1633"}],"wp:attachment":[{"href":"https:\/\/www.uvelix.cz\/index.php\/wp-json\/wp\/v2\/media?parent=257"}],"curies":[{"name":"wp","href":"https:\/\/api.w.org\/{rel}","templated":true}]}}